{"id":9294,"date":"2024-09-30T17:41:06","date_gmt":"2024-09-30T15:41:06","guid":{"rendered":"https:\/\/metallab.eu\/tornitura\/"},"modified":"2024-11-21T10:06:41","modified_gmt":"2024-11-21T09:06:41","slug":"tournage","status":"publish","type":"page","link":"https:\/\/metallab.eu\/fr\/tournage\/","title":{"rendered":"Tournage"},"content":{"rendered":"\t\t<div data-elementor-type=\"wp-page\" data-elementor-id=\"9294\" class=\"elementor elementor-9294 elementor-8421\">\n\t\t\t\t\t\t<section class=\"elementor-section elementor-top-section elementor-element elementor-element-3fbe9d5 elementor-section-boxed elementor-section-height-default elementor-section-height-default\" data-id=\"3fbe9d5\" data-element_type=\"section\" data-e-type=\"section\" data-settings=\"{&quot;background_background&quot;:&quot;classic&quot;}\">\n\t\t\t\t\t\t<div class=\"elementor-container elementor-column-gap-default\">\n\t\t\t\t\t<div class=\"elementor-column elementor-col-50 elementor-top-column elementor-element elementor-element-7560fbe\" data-id=\"7560fbe\" data-element_type=\"column\" data-e-type=\"column\">\n\t\t\t<div class=\"elementor-widget-wrap elementor-element-populated\">\n\t\t\t\t\t\t<div class=\"elementor-element elementor-element-83c2ad1 elementor-widget elementor-widget-vektor_section_title\" data-id=\"83c2ad1\" data-element_type=\"widget\" data-e-type=\"widget\" data-widget_type=\"vektor_section_title.default\">\n\t\t\t\t<div class=\"elementor-widget-container\">\n\t\t\t\t\t\r\n        <div class=\"container\">\r\n            <div class=\"row\">\r\n                <div class=\"vektor-section-title-wrapper\">\r\n                    <div class=\"vektor-section-title-content\">\r\n\r\n                                                    \r\n                                <span class=\"section-small-title  section-subtitle-padding-left\">\r\n\r\n                                                                            <div class=\"section-stitle-line\"><\/div>\r\n                                    \r\n                                    \r\n                                    <div class=\"stitle-box\">Tournage<\/div>\r\n                                <\/span>\r\n                                                    \r\n                        \r\n                                                                                    <div class=\"section-description\">\r\n                                    Gr\u00e2ce \u00e0 nos diff\u00e9rents types de machines de tournage \u00e0 commande num\u00e9rique et \u00e0 des outils automatis\u00e9s, nous pouvons r\u00e9aliser des composants m\u00e9caniques avec des g\u00e9om\u00e9tries complexes et des tol\u00e9rances\u00a0\u00e9troites, garantissant une polyvalence maximale de la production.                                <\/div>\r\n                                                                        <\/div>\r\n                <\/div>\r\n            <\/div>\r\n        <\/div>\r\n\t\t\t\t<\/div>\n\t\t\t\t<\/div>\n\t\t\t\t\t<\/div>\n\t\t<\/div>\n\t\t\t\t<div class=\"elementor-column elementor-col-50 elementor-top-column elementor-element elementor-element-396e0f0\" data-id=\"396e0f0\" data-element_type=\"column\" data-e-type=\"column\">\n\t\t\t<div class=\"elementor-widget-wrap elementor-element-populated\">\n\t\t\t\t\t\t<div class=\"elementor-element elementor-element-065b3de elementor-widget elementor-widget-html\" data-id=\"065b3de\" data-element_type=\"widget\" data-e-type=\"widget\" data-widget_type=\"html.default\">\n\t\t\t\t<div class=\"elementor-widget-container\">\n\t\t\t\t\t<style>.breadcroumb-area{\nbackground-image: url(\"\/wp-content\/uploads\/2024\/10\/tornitura-1.jpg\");\nbackground-size:cover;\n}<\/style>\t\t\t\t<\/div>\n\t\t\t\t<\/div>\n\t\t\t\t<div class=\"elementor-element elementor-element-3a0d1d0 elementor-widget elementor-widget-vektor_about_image\" data-id=\"3a0d1d0\" data-element_type=\"widget\" data-e-type=\"widget\" data-widget_type=\"vektor_about_image.default\">\n\t\t\t\t<div class=\"elementor-widget-container\">\n\t\t\t\t\t\r\n        <script>\r\n\t\t\tjQuery(document).ready(function($) {\r\n\t\t\t\t \"use strict\";\r\n\t\t\t\t$(\".timer\").countTo();\r\n\t\t\t\t$(\".count-process\").appear(function() {\r\n\t\t\t\t    $(\".timer\").countTo();\r\n\t\t\t\t}, {\r\n\t\t\t\t    accY: -200\r\n\t\t\t\t});\r\n\t\t\t});\r\n\t\t<\/script>\r\n                <div class=\"about-image-wrapper\">\r\n            <div class=\"container\">\r\n                <div class=\"about-image-item\">\r\n                    <div class=\"about-img-box abbox1\"><\/div>\r\n                    <div class=\"about-img-box abbox2\"><\/div>\r\n\r\n                    \r\n                    \r\n                    \r\n                    <img fetchpriority=\"high\" decoding=\"async\" width=\"2560\" height=\"1440\" src=\"https:\/\/metallab.eu\/wp-content\/uploads\/2024\/10\/tornitura-scaled.jpg\" class=\"attachment-full size-full\" alt=\"\" srcset=\"https:\/\/metallab.eu\/wp-content\/uploads\/2024\/10\/tornitura-scaled.jpg 2560w, https:\/\/metallab.eu\/wp-content\/uploads\/2024\/10\/tornitura-300x169.jpg 300w, https:\/\/metallab.eu\/wp-content\/uploads\/2024\/10\/tornitura-1024x576.jpg 1024w, https:\/\/metallab.eu\/wp-content\/uploads\/2024\/10\/tornitura-768x432.jpg 768w, https:\/\/metallab.eu\/wp-content\/uploads\/2024\/10\/tornitura-1536x864.jpg 1536w, https:\/\/metallab.eu\/wp-content\/uploads\/2024\/10\/tornitura-2048x1152.jpg 2048w\" sizes=\"(max-width: 2560px) 100vw, 2560px\" \/>\r\n                    \r\n                                                                \r\n                    \r\n                <\/div>\r\n            <\/div>\r\n        <\/div>\r\n\t\t\t\t<\/div>\n\t\t\t\t<\/div>\n\t\t\t\t\t<\/div>\n\t\t<\/div>\n\t\t\t\t\t<\/div>\n\t\t<\/section>\n\t\t\t\t<\/div>\n\t\t","protected":false},"excerpt":{"rendered":"<p>Tournage Gr\u00e2ce \u00e0 nos diff\u00e9rents types de machines de tournage \u00e0 commande num\u00e9rique et \u00e0 des outils automatis\u00e9s, nous pouvons r\u00e9aliser des composants m\u00e9caniques avec des g\u00e9om\u00e9tries complexes et des tol\u00e9rances\u00a0\u00e9troites, garantissant une polyvalence maximale de la production.<\/p>\n","protected":false},"author":1,"featured_media":0,"parent":0,"menu_order":0,"comment_status":"closed","ping_status":"closed","template":"","meta":{"footnotes":""},"class_list":["post-9294","page","type-page","status-publish","hentry"],"yoast_head":"<!-- This site is optimized with the Yoast SEO plugin v27.3 - https:\/\/yoast.com\/product\/yoast-seo-wordpress\/ -->\n<title>Tournage des M\u00e9taux | Metallab<\/title>\n<meta name=\"description\" content=\"Gr\u00e2ce \u00e0 nos diff\u00e9rents types de tours \u00e0 commande num\u00e9rique et d&#039;outils automatis\u00e9s, nous pouvons cr\u00e9er des composants m\u00e9caniques aux g\u00e9om\u00e9tries complexes et aux tol\u00e9rances serr\u00e9es, garantissant une polyvalence de production maximale.\" \/>\n<meta name=\"robots\" content=\"index, follow, max-snippet:-1, max-image-preview:large, max-video-preview:-1\" \/>\n<link rel=\"canonical\" href=\"https:\/\/metallab.eu\/fr\/tournage\/\" \/>\n<meta property=\"og:locale\" content=\"fr_FR\" \/>\n<meta property=\"og:type\" content=\"article\" \/>\n<meta property=\"og:title\" content=\"Tournage des M\u00e9taux | Metallab\" \/>\n<meta property=\"og:description\" content=\"Gr\u00e2ce \u00e0 nos diff\u00e9rents types de tours \u00e0 commande num\u00e9rique et d&#039;outils automatis\u00e9s, nous pouvons cr\u00e9er des composants m\u00e9caniques aux g\u00e9om\u00e9tries complexes et aux tol\u00e9rances serr\u00e9es, garantissant une polyvalence de production maximale.\" \/>\n<meta property=\"og:url\" content=\"https:\/\/metallab.eu\/fr\/tournage\/\" \/>\n<meta property=\"og:site_name\" content=\"Metallab\" \/>\n<meta property=\"article:modified_time\" content=\"2024-11-21T09:06:41+00:00\" \/>\n<meta property=\"og:image\" content=\"https:\/\/metallab.eu\/wp-content\/uploads\/2024\/10\/tornitura-scaled.jpg\" \/>\n<meta name=\"twitter:card\" content=\"summary_large_image\" \/>\n<meta name=\"twitter:label1\" content=\"Dur\u00e9e de lecture estim\u00e9e\" \/>\n\t<meta name=\"twitter:data1\" content=\"1 minute\" \/>\n<script type=\"application\/ld+json\" class=\"yoast-schema-graph\">{\"@context\":\"https:\\\/\\\/schema.org\",\"@graph\":[{\"@type\":\"WebPage\",\"@id\":\"https:\\\/\\\/metallab.eu\\\/fr\\\/tournage\\\/\",\"url\":\"https:\\\/\\\/metallab.eu\\\/fr\\\/tournage\\\/\",\"name\":\"Tournage des M\u00e9taux | Metallab\",\"isPartOf\":{\"@id\":\"https:\\\/\\\/metallab.eu\\\/fr\\\/#website\"},\"primaryImageOfPage\":{\"@id\":\"https:\\\/\\\/metallab.eu\\\/fr\\\/tournage\\\/#primaryimage\"},\"image\":{\"@id\":\"https:\\\/\\\/metallab.eu\\\/fr\\\/tournage\\\/#primaryimage\"},\"thumbnailUrl\":\"https:\\\/\\\/metallab.eu\\\/wp-content\\\/uploads\\\/2024\\\/10\\\/tornitura-scaled.jpg\",\"datePublished\":\"2024-09-30T15:41:06+00:00\",\"dateModified\":\"2024-11-21T09:06:41+00:00\",\"description\":\"Gr\u00e2ce \u00e0 nos diff\u00e9rents types de tours \u00e0 commande num\u00e9rique et d'outils automatis\u00e9s, nous pouvons cr\u00e9er des composants m\u00e9caniques aux g\u00e9om\u00e9tries complexes et aux tol\u00e9rances serr\u00e9es, garantissant une polyvalence de production maximale.\",\"breadcrumb\":{\"@id\":\"https:\\\/\\\/metallab.eu\\\/fr\\\/tournage\\\/#breadcrumb\"},\"inLanguage\":\"fr-FR\",\"potentialAction\":[{\"@type\":\"ReadAction\",\"target\":[\"https:\\\/\\\/metallab.eu\\\/fr\\\/tournage\\\/\"]}]},{\"@type\":\"ImageObject\",\"inLanguage\":\"fr-FR\",\"@id\":\"https:\\\/\\\/metallab.eu\\\/fr\\\/tournage\\\/#primaryimage\",\"url\":\"https:\\\/\\\/metallab.eu\\\/wp-content\\\/uploads\\\/2024\\\/10\\\/tornitura-scaled.jpg\",\"contentUrl\":\"https:\\\/\\\/metallab.eu\\\/wp-content\\\/uploads\\\/2024\\\/10\\\/tornitura-scaled.jpg\"},{\"@type\":\"BreadcrumbList\",\"@id\":\"https:\\\/\\\/metallab.eu\\\/fr\\\/tournage\\\/#breadcrumb\",\"itemListElement\":[{\"@type\":\"ListItem\",\"position\":1,\"name\":\"Home\",\"item\":\"https:\\\/\\\/metallab.eu\\\/fr\\\/\"},{\"@type\":\"ListItem\",\"position\":2,\"name\":\"Tournage\"}]},{\"@type\":\"WebSite\",\"@id\":\"https:\\\/\\\/metallab.eu\\\/fr\\\/#website\",\"url\":\"https:\\\/\\\/metallab.eu\\\/fr\\\/\",\"name\":\"Metal Lab\",\"description\":\"\",\"publisher\":{\"@id\":\"https:\\\/\\\/metallab.eu\\\/fr\\\/#organization\"},\"potentialAction\":[{\"@type\":\"SearchAction\",\"target\":{\"@type\":\"EntryPoint\",\"urlTemplate\":\"https:\\\/\\\/metallab.eu\\\/fr\\\/?s={search_term_string}\"},\"query-input\":{\"@type\":\"PropertyValueSpecification\",\"valueRequired\":true,\"valueName\":\"search_term_string\"}}],\"inLanguage\":\"fr-FR\"},{\"@type\":\"Organization\",\"@id\":\"https:\\\/\\\/metallab.eu\\\/fr\\\/#organization\",\"name\":\"Metal Lab\",\"url\":\"https:\\\/\\\/metallab.eu\\\/fr\\\/\",\"logo\":{\"@type\":\"ImageObject\",\"inLanguage\":\"fr-FR\",\"@id\":\"https:\\\/\\\/metallab.eu\\\/fr\\\/#\\\/schema\\\/logo\\\/image\\\/\",\"url\":\"https:\\\/\\\/metallab.eu\\\/wp-content\\\/uploads\\\/2024\\\/01\\\/logo-metallab.png\",\"contentUrl\":\"https:\\\/\\\/metallab.eu\\\/wp-content\\\/uploads\\\/2024\\\/01\\\/logo-metallab.png\",\"width\":1744,\"height\":420,\"caption\":\"Metal Lab\"},\"image\":{\"@id\":\"https:\\\/\\\/metallab.eu\\\/fr\\\/#\\\/schema\\\/logo\\\/image\\\/\"}}]}<\/script>\n<!-- \/ Yoast SEO plugin. -->","yoast_head_json":{"title":"Tournage des M\u00e9taux | Metallab","description":"Gr\u00e2ce \u00e0 nos diff\u00e9rents types de tours \u00e0 commande num\u00e9rique et d'outils automatis\u00e9s, nous pouvons cr\u00e9er des composants m\u00e9caniques aux g\u00e9om\u00e9tries complexes et aux tol\u00e9rances serr\u00e9es, garantissant une polyvalence de production maximale.","robots":{"index":"index","follow":"follow","max-snippet":"max-snippet:-1","max-image-preview":"max-image-preview:large","max-video-preview":"max-video-preview:-1"},"canonical":"https:\/\/metallab.eu\/fr\/tournage\/","og_locale":"fr_FR","og_type":"article","og_title":"Tournage des M\u00e9taux | Metallab","og_description":"Gr\u00e2ce \u00e0 nos diff\u00e9rents types de tours \u00e0 commande num\u00e9rique et d'outils automatis\u00e9s, nous pouvons cr\u00e9er des composants m\u00e9caniques aux g\u00e9om\u00e9tries complexes et aux tol\u00e9rances serr\u00e9es, garantissant une polyvalence de production maximale.","og_url":"https:\/\/metallab.eu\/fr\/tournage\/","og_site_name":"Metallab","article_modified_time":"2024-11-21T09:06:41+00:00","og_image":[{"url":"https:\/\/metallab.eu\/wp-content\/uploads\/2024\/10\/tornitura-scaled.jpg","type":"","width":"","height":""}],"twitter_card":"summary_large_image","twitter_misc":{"Dur\u00e9e de lecture estim\u00e9e":"1 minute"},"schema":{"@context":"https:\/\/schema.org","@graph":[{"@type":"WebPage","@id":"https:\/\/metallab.eu\/fr\/tournage\/","url":"https:\/\/metallab.eu\/fr\/tournage\/","name":"Tournage des M\u00e9taux | Metallab","isPartOf":{"@id":"https:\/\/metallab.eu\/fr\/#website"},"primaryImageOfPage":{"@id":"https:\/\/metallab.eu\/fr\/tournage\/#primaryimage"},"image":{"@id":"https:\/\/metallab.eu\/fr\/tournage\/#primaryimage"},"thumbnailUrl":"https:\/\/metallab.eu\/wp-content\/uploads\/2024\/10\/tornitura-scaled.jpg","datePublished":"2024-09-30T15:41:06+00:00","dateModified":"2024-11-21T09:06:41+00:00","description":"Gr\u00e2ce \u00e0 nos diff\u00e9rents types de tours \u00e0 commande num\u00e9rique et d'outils automatis\u00e9s, nous pouvons cr\u00e9er des composants m\u00e9caniques aux g\u00e9om\u00e9tries complexes et aux tol\u00e9rances serr\u00e9es, garantissant une polyvalence de production maximale.","breadcrumb":{"@id":"https:\/\/metallab.eu\/fr\/tournage\/#breadcrumb"},"inLanguage":"fr-FR","potentialAction":[{"@type":"ReadAction","target":["https:\/\/metallab.eu\/fr\/tournage\/"]}]},{"@type":"ImageObject","inLanguage":"fr-FR","@id":"https:\/\/metallab.eu\/fr\/tournage\/#primaryimage","url":"https:\/\/metallab.eu\/wp-content\/uploads\/2024\/10\/tornitura-scaled.jpg","contentUrl":"https:\/\/metallab.eu\/wp-content\/uploads\/2024\/10\/tornitura-scaled.jpg"},{"@type":"BreadcrumbList","@id":"https:\/\/metallab.eu\/fr\/tournage\/#breadcrumb","itemListElement":[{"@type":"ListItem","position":1,"name":"Home","item":"https:\/\/metallab.eu\/fr\/"},{"@type":"ListItem","position":2,"name":"Tournage"}]},{"@type":"WebSite","@id":"https:\/\/metallab.eu\/fr\/#website","url":"https:\/\/metallab.eu\/fr\/","name":"Metal Lab","description":"","publisher":{"@id":"https:\/\/metallab.eu\/fr\/#organization"},"potentialAction":[{"@type":"SearchAction","target":{"@type":"EntryPoint","urlTemplate":"https:\/\/metallab.eu\/fr\/?s={search_term_string}"},"query-input":{"@type":"PropertyValueSpecification","valueRequired":true,"valueName":"search_term_string"}}],"inLanguage":"fr-FR"},{"@type":"Organization","@id":"https:\/\/metallab.eu\/fr\/#organization","name":"Metal Lab","url":"https:\/\/metallab.eu\/fr\/","logo":{"@type":"ImageObject","inLanguage":"fr-FR","@id":"https:\/\/metallab.eu\/fr\/#\/schema\/logo\/image\/","url":"https:\/\/metallab.eu\/wp-content\/uploads\/2024\/01\/logo-metallab.png","contentUrl":"https:\/\/metallab.eu\/wp-content\/uploads\/2024\/01\/logo-metallab.png","width":1744,"height":420,"caption":"Metal Lab"},"image":{"@id":"https:\/\/metallab.eu\/fr\/#\/schema\/logo\/image\/"}}]}},"_links":{"self":[{"href":"https:\/\/metallab.eu\/fr\/wp-json\/wp\/v2\/pages\/9294","targetHints":{"allow":["GET"]}}],"collection":[{"href":"https:\/\/metallab.eu\/fr\/wp-json\/wp\/v2\/pages"}],"about":[{"href":"https:\/\/metallab.eu\/fr\/wp-json\/wp\/v2\/types\/page"}],"author":[{"embeddable":true,"href":"https:\/\/metallab.eu\/fr\/wp-json\/wp\/v2\/users\/1"}],"replies":[{"embeddable":true,"href":"https:\/\/metallab.eu\/fr\/wp-json\/wp\/v2\/comments?post=9294"}],"version-history":[{"count":4,"href":"https:\/\/metallab.eu\/fr\/wp-json\/wp\/v2\/pages\/9294\/revisions"}],"predecessor-version":[{"id":9453,"href":"https:\/\/metallab.eu\/fr\/wp-json\/wp\/v2\/pages\/9294\/revisions\/9453"}],"wp:attachment":[{"href":"https:\/\/metallab.eu\/fr\/wp-json\/wp\/v2\/media?parent=9294"}],"curies":[{"name":"wp","href":"https:\/\/api.w.org\/{rel}","templated":true}]}}