{"id":9282,"date":"2024-10-09T09:42:28","date_gmt":"2024-10-09T07:42:28","guid":{"rendered":"https:\/\/metallab.eu\/scarica-la-brochure\/"},"modified":"2024-11-21T15:12:27","modified_gmt":"2024-11-21T14:12:27","slug":"telechargez-la-brochure","status":"publish","type":"page","link":"https:\/\/metallab.eu\/fr\/telechargez-la-brochure\/","title":{"rendered":"T\u00e9l\u00e9chargez la brochure"},"content":{"rendered":"\t\t<div data-elementor-type=\"wp-page\" data-elementor-id=\"9282\" class=\"elementor elementor-9282 elementor-8938\">\n\t\t\t\t<div class=\"elementor-element elementor-element-99b79ca e-flex e-con-boxed e-con e-parent\" data-id=\"99b79ca\" data-element_type=\"container\" data-e-type=\"container\">\n\t\t\t\t\t<div class=\"e-con-inner\">\n\t\t\t\t<div class=\"elementor-element elementor-element-c6d109a elementor-widget elementor-widget-html\" data-id=\"c6d109a\" data-element_type=\"widget\" data-e-type=\"widget\" data-widget_type=\"html.default\">\n\t\t\t\t<div class=\"elementor-widget-container\">\n\t\t\t\t\t<style>.breadcroumb-area{\nbackground-image: url(\"\/wp-content\/uploads\/2024\/10\/punzonatrice-lavo-scaled.jpg\");\nbackground-size:cover;\n}<\/style>\t\t\t\t<\/div>\n\t\t\t\t<\/div>\n\t\t\t\t<div class=\"elementor-element elementor-element-e485a5e elementor-widget elementor-widget-text-editor\" data-id=\"e485a5e\" data-element_type=\"widget\" data-e-type=\"widget\" data-widget_type=\"text-editor.default\">\n\t\t\t\t<div class=\"elementor-widget-container\">\n\t\t\t\t\t\t\t\t\t<p>Pour t\u00e9l\u00e9charger notre brochure, remplissez le formulaire ci-dessous. Les champs marqu\u00e9s d&rsquo;un ast\u00e9risque (*) sont obligatoires. Vous recevrez la brochure \u00e0 l&rsquo;adresse e-mail que vous avez renseign\u00e9e.<\/p>\t\t\t\t\t\t\t\t<\/div>\n\t\t\t\t<\/div>\n\t\t\t\t<div class=\"elementor-element elementor-element-cd196ec elementor-widget elementor-widget-shortcode\" data-id=\"cd196ec\" data-element_type=\"widget\" data-e-type=\"widget\" data-widget_type=\"shortcode.default\">\n\t\t\t\t<div class=\"elementor-widget-container\">\n\t\t\t\t\t\t\t<div class=\"elementor-shortcode\"><div class=\"frm_forms  with_frm_style frm_style_stile-di-formidable\" id=\"frm_form_9_container\" data-token=\"ca4e6ec3e606abce57bc54e71075c715\">\n<form enctype=\"multipart\/form-data\" method=\"post\" class=\"frm-show-form  frm_js_validate  frm_ajax_submit  frm_pro_form \" id=\"form_scarica-brochure3\" data-token=\"ca4e6ec3e606abce57bc54e71075c715\">\n<div class=\"frm_form_fields \">\n<fieldset>\n<legend class=\"frm_screen_reader\">Scarica brochure FR<\/legend>\r\n\r\n<div class=\"frm_fields_container\">\n<input type=\"hidden\" name=\"frm_action\" value=\"create\" \/>\n<input type=\"hidden\" name=\"form_id\" value=\"9\" \/>\n<input type=\"hidden\" name=\"frm_hide_fields_9\" id=\"frm_hide_fields_9\" value=\"\" \/>\n<input type=\"hidden\" name=\"form_key\" value=\"scarica-brochure3\" \/>\n<input type=\"hidden\" name=\"item_meta[0]\" value=\"\" \/>\n<input type=\"hidden\" id=\"frm_submit_entry_9\" name=\"frm_submit_entry_9\" value=\"818799e8b4\" \/><input type=\"hidden\" name=\"_wp_http_referer\" value=\"\/fr\/wp-json\/wp\/v2\/pages\/9282\" \/><div id=\"frm_field_62_container\" class=\"frm_form_field form-field  frm_required_field frm_none_container\">\r\n\t<label for=\"field_rt6xe3\" id=\"field_rt6xe3_label\" class=\"frm_primary_label\">Nom et pr\u00e9nom *\r\n\t\t<span class=\"frm_required\" aria-hidden=\"true\">*<\/span>\r\n\t<\/label>\r\n\t<input  type=\"text\" id=\"field_rt6xe3\" name=\"item_meta[62]\" value=\"\"  placeholder=\"Nom et pr\u00e9nom *\" data-reqmsg=\"Ce champ ne peut pas \u00eatre vide.\" aria-required=\"true\" data-invmsg=\"Nom et pr\u00e9nom * non \u00e8 valido\" aria-invalid=\"false\"   \/>\r\n\t\r\n\t\r\n<\/div>\n<div id=\"frm_field_63_container\" class=\"frm_form_field form-field  frm_required_field frm_none_container\">\r\n\t<label for=\"field_wtc0j3\" id=\"field_wtc0j3_label\" class=\"frm_primary_label\">Email *\r\n\t\t<span class=\"frm_required\" aria-hidden=\"true\">*<\/span>\r\n\t<\/label>\r\n\t<input type=\"email\" id=\"field_wtc0j3\" name=\"item_meta[63]\" value=\"\"  placeholder=\"Email *\" data-reqmsg=\"Ce champ ne peut pas \u00eatre vide.\" aria-required=\"true\" data-invmsg=\"Ce champ n&#039;est pas valide.\" aria-invalid=\"false\"  \/>\r\n\t\r\n\t\r\n<\/div>\n<div id=\"frm_field_64_container\" class=\"frm_form_field form-field  frm_required_field frm_none_container vertical_radio\">\r\n\t<div  id=\"field_igzra3_label\" class=\"frm_primary_label\">\r\n\t\t<span class=\"frm_required\" aria-hidden=\"true\">*<\/span>\r\n\t<\/div>\r\n\t<div class=\"frm_opt_container\" aria-labelledby=\"field_igzra3_label\" role=\"group\">\t\t<div class=\"frm_checkbox\" id=\"frm_checkbox_64-0\">\t\t\t<label  for=\"field_igzra3-0\">\n\t\t\t<input type=\"checkbox\" name=\"item_meta[64][]\" id=\"field_igzra3-0\" value=\"J&#039;ai lu et accept\u00e9 les termes de la &lt;a href=&quot;\/fr\/privacy-policy&quot;&gt;politique de confidentialit\u00e9&lt;\/a&gt;\"  data-reqmsg=\"Ce champ ne peut pas \u00eatre vide.\" data-invmsg=\"Ce champ est non valide\"   aria-required=\"true\"  \/> J'ai lu et accept\u00e9 les termes de la <a href=\"\/fr\/privacy-policy\">politique de confidentialit\u00e9<\/a><\/label><\/div>\n<\/div>\r\n\t\r\n\t\r\n<\/div>\n<div id=\"frm_field_65_container\" class=\"frm_form_field form-field  frm_none_container\">\r\n\t<label for=\"g-recaptcha-response\" id=\"field_y2n0z3_label\" class=\"frm_primary_label\">Captcha\r\n\t\t<span class=\"frm_required\" aria-hidden=\"true\"><\/span>\r\n\t<\/label>\r\n\t<div  id=\"field_y2n0z3\" class=\"frm-g-recaptcha\" data-sitekey=\"6LeSm3wqAAAAAHwXY-MlWzbvuflgACoDhiZbJKa8\" data-size=\"invisible\" data-theme=\"light\"><\/div>\r\n\t\r\n\t\r\n<\/div>\n<div id=\"frm_field_66_container\" class=\"frm_form_field form-field \">\r\n\t<div class=\"frm_submit frm_flex\">\r\n<button class=\"frm_button_submit frm_final_submit\" type=\"submit\"   formnovalidate=\"formnovalidate\">Envoyer<\/button>\r\n\r\n\r\n\r\n<\/div>\r\n<\/div>\n\t<input type=\"hidden\" name=\"item_key\" value=\"\" \/>\n\t\t\t<div id=\"frm_field_77_container\">\n\t\t\t<label for=\"field_tfrp4\" >\n\t\t\t\tSi vous \u00eates un humain, ne remplissez pas ce champ.\t\t\t<\/label>\n\t\t\t<input  id=\"field_tfrp4\" type=\"text\" class=\"frm_form_field form-field frm_verify\" name=\"item_meta[77]\" value=\"\"  \/>\n\t\t<\/div>\n\t\t<input name=\"frm_state\" type=\"hidden\" value=\"oytJD26IIkgSJMAFVWZSh+W9SwxkOkXYTwABncQl+ZJdNYNKrBY\/fi8LCNjA6sO7\" \/><\/div>\n<\/fieldset>\n<\/div>\n\n<\/form>\n<\/div>\n<\/div>\n\t\t\t\t\t\t<\/div>\n\t\t\t\t<\/div>\n\t\t\t\t\t<\/div>\n\t\t\t\t<\/div>\n\t\t\t\t<\/div>\n\t\t","protected":false},"excerpt":{"rendered":"<p>Pour t\u00e9l\u00e9charger notre brochure, remplissez le formulaire ci-dessous. Les champs marqu\u00e9s d&rsquo;un ast\u00e9risque (*) sont obligatoires. Vous recevrez la brochure \u00e0 l&rsquo;adresse e-mail que vous avez renseign\u00e9e.<\/p>\n","protected":false},"author":1,"featured_media":0,"parent":0,"menu_order":0,"comment_status":"closed","ping_status":"closed","template":"","meta":{"footnotes":""},"class_list":["post-9282","page","type-page","status-publish","hentry"],"yoast_head":"<!-- This site is optimized with the Yoast SEO plugin v27.3 - https:\/\/yoast.com\/product\/yoast-seo-wordpress\/ -->\n<title>T\u00e9l\u00e9chargez la brochure | Metallab<\/title>\n<meta name=\"robots\" content=\"index, follow, max-snippet:-1, max-image-preview:large, max-video-preview:-1\" \/>\n<link rel=\"canonical\" href=\"https:\/\/metallab.eu\/fr\/telechargez-la-brochure\/\" \/>\n<meta property=\"og:locale\" content=\"fr_FR\" \/>\n<meta property=\"og:type\" content=\"article\" \/>\n<meta property=\"og:title\" content=\"T\u00e9l\u00e9chargez la brochure | Metallab\" \/>\n<meta property=\"og:description\" content=\"Pour t\u00e9l\u00e9charger notre brochure, remplissez le formulaire ci-dessous. Les champs marqu\u00e9s d&rsquo;un ast\u00e9risque (*) sont obligatoires. Vous recevrez la brochure \u00e0 l&rsquo;adresse e-mail que vous avez renseign\u00e9e.\" \/>\n<meta property=\"og:url\" content=\"https:\/\/metallab.eu\/fr\/telechargez-la-brochure\/\" \/>\n<meta property=\"og:site_name\" content=\"Metallab\" \/>\n<meta property=\"article:modified_time\" content=\"2024-11-21T14:12:27+00:00\" \/>\n<meta property=\"og:image\" content=\"https:\/\/metallab.eu\/wp-content\/uploads\/2024\/01\/logo-metallab.png\" \/>\n\t<meta property=\"og:image:width\" content=\"1744\" \/>\n\t<meta property=\"og:image:height\" content=\"420\" \/>\n\t<meta property=\"og:image:type\" content=\"image\/png\" \/>\n<meta name=\"twitter:card\" content=\"summary_large_image\" \/>\n<meta name=\"twitter:label1\" content=\"Dur\u00e9e de lecture estim\u00e9e\" \/>\n\t<meta name=\"twitter:data1\" content=\"1 minute\" \/>\n<script type=\"application\/ld+json\" class=\"yoast-schema-graph\">{\"@context\":\"https:\\\/\\\/schema.org\",\"@graph\":[{\"@type\":\"WebPage\",\"@id\":\"https:\\\/\\\/metallab.eu\\\/fr\\\/telechargez-la-brochure\\\/\",\"url\":\"https:\\\/\\\/metallab.eu\\\/fr\\\/telechargez-la-brochure\\\/\",\"name\":\"T\u00e9l\u00e9chargez la brochure | Metallab\",\"isPartOf\":{\"@id\":\"https:\\\/\\\/metallab.eu\\\/fr\\\/#website\"},\"datePublished\":\"2024-10-09T07:42:28+00:00\",\"dateModified\":\"2024-11-21T14:12:27+00:00\",\"breadcrumb\":{\"@id\":\"https:\\\/\\\/metallab.eu\\\/fr\\\/telechargez-la-brochure\\\/#breadcrumb\"},\"inLanguage\":\"fr-FR\",\"potentialAction\":[{\"@type\":\"ReadAction\",\"target\":[\"https:\\\/\\\/metallab.eu\\\/fr\\\/telechargez-la-brochure\\\/\"]}]},{\"@type\":\"BreadcrumbList\",\"@id\":\"https:\\\/\\\/metallab.eu\\\/fr\\\/telechargez-la-brochure\\\/#breadcrumb\",\"itemListElement\":[{\"@type\":\"ListItem\",\"position\":1,\"name\":\"Home\",\"item\":\"https:\\\/\\\/metallab.eu\\\/fr\\\/\"},{\"@type\":\"ListItem\",\"position\":2,\"name\":\"T\u00e9l\u00e9chargez la brochure\"}]},{\"@type\":\"WebSite\",\"@id\":\"https:\\\/\\\/metallab.eu\\\/fr\\\/#website\",\"url\":\"https:\\\/\\\/metallab.eu\\\/fr\\\/\",\"name\":\"Metal Lab\",\"description\":\"\",\"publisher\":{\"@id\":\"https:\\\/\\\/metallab.eu\\\/fr\\\/#organization\"},\"potentialAction\":[{\"@type\":\"SearchAction\",\"target\":{\"@type\":\"EntryPoint\",\"urlTemplate\":\"https:\\\/\\\/metallab.eu\\\/fr\\\/?s={search_term_string}\"},\"query-input\":{\"@type\":\"PropertyValueSpecification\",\"valueRequired\":true,\"valueName\":\"search_term_string\"}}],\"inLanguage\":\"fr-FR\"},{\"@type\":\"Organization\",\"@id\":\"https:\\\/\\\/metallab.eu\\\/fr\\\/#organization\",\"name\":\"Metal Lab\",\"url\":\"https:\\\/\\\/metallab.eu\\\/fr\\\/\",\"logo\":{\"@type\":\"ImageObject\",\"inLanguage\":\"fr-FR\",\"@id\":\"https:\\\/\\\/metallab.eu\\\/fr\\\/#\\\/schema\\\/logo\\\/image\\\/\",\"url\":\"https:\\\/\\\/metallab.eu\\\/wp-content\\\/uploads\\\/2024\\\/01\\\/logo-metallab.png\",\"contentUrl\":\"https:\\\/\\\/metallab.eu\\\/wp-content\\\/uploads\\\/2024\\\/01\\\/logo-metallab.png\",\"width\":1744,\"height\":420,\"caption\":\"Metal Lab\"},\"image\":{\"@id\":\"https:\\\/\\\/metallab.eu\\\/fr\\\/#\\\/schema\\\/logo\\\/image\\\/\"}}]}<\/script>\n<!-- \/ Yoast SEO plugin. -->","yoast_head_json":{"title":"T\u00e9l\u00e9chargez la brochure | Metallab","robots":{"index":"index","follow":"follow","max-snippet":"max-snippet:-1","max-image-preview":"max-image-preview:large","max-video-preview":"max-video-preview:-1"},"canonical":"https:\/\/metallab.eu\/fr\/telechargez-la-brochure\/","og_locale":"fr_FR","og_type":"article","og_title":"T\u00e9l\u00e9chargez la brochure | Metallab","og_description":"Pour t\u00e9l\u00e9charger notre brochure, remplissez le formulaire ci-dessous. Les champs marqu\u00e9s d&rsquo;un ast\u00e9risque (*) sont obligatoires. Vous recevrez la brochure \u00e0 l&rsquo;adresse e-mail que vous avez renseign\u00e9e.","og_url":"https:\/\/metallab.eu\/fr\/telechargez-la-brochure\/","og_site_name":"Metallab","article_modified_time":"2024-11-21T14:12:27+00:00","og_image":[{"width":1744,"height":420,"url":"https:\/\/metallab.eu\/wp-content\/uploads\/2024\/01\/logo-metallab.png","type":"image\/png"}],"twitter_card":"summary_large_image","twitter_misc":{"Dur\u00e9e de lecture estim\u00e9e":"1 minute"},"schema":{"@context":"https:\/\/schema.org","@graph":[{"@type":"WebPage","@id":"https:\/\/metallab.eu\/fr\/telechargez-la-brochure\/","url":"https:\/\/metallab.eu\/fr\/telechargez-la-brochure\/","name":"T\u00e9l\u00e9chargez la brochure | Metallab","isPartOf":{"@id":"https:\/\/metallab.eu\/fr\/#website"},"datePublished":"2024-10-09T07:42:28+00:00","dateModified":"2024-11-21T14:12:27+00:00","breadcrumb":{"@id":"https:\/\/metallab.eu\/fr\/telechargez-la-brochure\/#breadcrumb"},"inLanguage":"fr-FR","potentialAction":[{"@type":"ReadAction","target":["https:\/\/metallab.eu\/fr\/telechargez-la-brochure\/"]}]},{"@type":"BreadcrumbList","@id":"https:\/\/metallab.eu\/fr\/telechargez-la-brochure\/#breadcrumb","itemListElement":[{"@type":"ListItem","position":1,"name":"Home","item":"https:\/\/metallab.eu\/fr\/"},{"@type":"ListItem","position":2,"name":"T\u00e9l\u00e9chargez la brochure"}]},{"@type":"WebSite","@id":"https:\/\/metallab.eu\/fr\/#website","url":"https:\/\/metallab.eu\/fr\/","name":"Metal Lab","description":"","publisher":{"@id":"https:\/\/metallab.eu\/fr\/#organization"},"potentialAction":[{"@type":"SearchAction","target":{"@type":"EntryPoint","urlTemplate":"https:\/\/metallab.eu\/fr\/?s={search_term_string}"},"query-input":{"@type":"PropertyValueSpecification","valueRequired":true,"valueName":"search_term_string"}}],"inLanguage":"fr-FR"},{"@type":"Organization","@id":"https:\/\/metallab.eu\/fr\/#organization","name":"Metal Lab","url":"https:\/\/metallab.eu\/fr\/","logo":{"@type":"ImageObject","inLanguage":"fr-FR","@id":"https:\/\/metallab.eu\/fr\/#\/schema\/logo\/image\/","url":"https:\/\/metallab.eu\/wp-content\/uploads\/2024\/01\/logo-metallab.png","contentUrl":"https:\/\/metallab.eu\/wp-content\/uploads\/2024\/01\/logo-metallab.png","width":1744,"height":420,"caption":"Metal Lab"},"image":{"@id":"https:\/\/metallab.eu\/fr\/#\/schema\/logo\/image\/"}}]}},"_links":{"self":[{"href":"https:\/\/metallab.eu\/fr\/wp-json\/wp\/v2\/pages\/9282","targetHints":{"allow":["GET"]}}],"collection":[{"href":"https:\/\/metallab.eu\/fr\/wp-json\/wp\/v2\/pages"}],"about":[{"href":"https:\/\/metallab.eu\/fr\/wp-json\/wp\/v2\/types\/page"}],"author":[{"embeddable":true,"href":"https:\/\/metallab.eu\/fr\/wp-json\/wp\/v2\/users\/1"}],"replies":[{"embeddable":true,"href":"https:\/\/metallab.eu\/fr\/wp-json\/wp\/v2\/comments?post=9282"}],"version-history":[{"count":7,"href":"https:\/\/metallab.eu\/fr\/wp-json\/wp\/v2\/pages\/9282\/revisions"}],"predecessor-version":[{"id":9707,"href":"https:\/\/metallab.eu\/fr\/wp-json\/wp\/v2\/pages\/9282\/revisions\/9707"}],"wp:attachment":[{"href":"https:\/\/metallab.eu\/fr\/wp-json\/wp\/v2\/media?parent=9282"}],"curies":[{"name":"wp","href":"https:\/\/api.w.org\/{rel}","templated":true}]}}