{"id":9266,"date":"2024-09-30T17:40:06","date_gmt":"2024-09-30T15:40:06","guid":{"rendered":"https:\/\/metallab.eu\/piegatura\/"},"modified":"2024-11-21T09:49:30","modified_gmt":"2024-11-21T08:49:30","slug":"pliage","status":"publish","type":"page","link":"https:\/\/metallab.eu\/fr\/pliage\/","title":{"rendered":"Pliage"},"content":{"rendered":"\t\t<div data-elementor-type=\"wp-page\" data-elementor-id=\"9266\" class=\"elementor elementor-9266 elementor-8417\">\n\t\t\t\t\t\t<section class=\"elementor-section elementor-top-section elementor-element elementor-element-52e4b21 elementor-section-boxed elementor-section-height-default elementor-section-height-default\" data-id=\"52e4b21\" data-element_type=\"section\" data-e-type=\"section\" data-settings=\"{&quot;background_background&quot;:&quot;classic&quot;}\">\n\t\t\t\t\t\t<div class=\"elementor-container elementor-column-gap-default\">\n\t\t\t\t\t<div class=\"elementor-column elementor-col-50 elementor-top-column elementor-element elementor-element-2591f9e\" data-id=\"2591f9e\" data-element_type=\"column\" data-e-type=\"column\">\n\t\t\t<div class=\"elementor-widget-wrap elementor-element-populated\">\n\t\t\t\t\t\t<div class=\"elementor-element elementor-element-e89b68c elementor-widget elementor-widget-vektor_section_title\" data-id=\"e89b68c\" data-element_type=\"widget\" data-e-type=\"widget\" data-widget_type=\"vektor_section_title.default\">\n\t\t\t\t<div class=\"elementor-widget-container\">\n\t\t\t\t\t\r\n        <div class=\"container\">\r\n            <div class=\"row\">\r\n                <div class=\"vektor-section-title-wrapper\">\r\n                    <div class=\"vektor-section-title-content\">\r\n\r\n                                                    \r\n                                <span class=\"section-small-title  section-subtitle-padding-left\">\r\n\r\n                                                                            <div class=\"section-stitle-line\"><\/div>\r\n                                    \r\n                                    \r\n                                    <div class=\"stitle-box\">pliage<\/div>\r\n                                <\/span>\r\n                                                    \r\n                                                    <h2 class=\"vektor-section-title\">\r\n                                Presses plieuses                            <\/h2>\r\n                        \r\n                                                                                    <div class=\"section-description\">\r\n                                    Les op\u00e9rations de pliage sont effectu\u00e9es avec des machines de derni\u00e8re\u00a0g\u00e9n\u00e9ration, qui permettent de r\u00e9aliser des pi\u00e8ces simples aux plus complexes\u00a0gr\u00e2ce \u00e0 leur contr\u00f4le angulaire laser.<br \/>Nos presses plieuses hydrauliques, gr\u00e2ce au haut professionnalisme de nos\u00a0op\u00e9rateurs et \u00e0 l\u2019\u00e9quipement de plusieurs axes, parviennent \u00e0 donner \u00e0 la t\u00f4le n\u2019importe quelle\u00a0forme.                                <\/div>\r\n                                                                        <\/div>\r\n                <\/div>\r\n            <\/div>\r\n        <\/div>\r\n\t\t\t\t<\/div>\n\t\t\t\t<\/div>\n\t\t\t\t\t<\/div>\n\t\t<\/div>\n\t\t\t\t<div class=\"elementor-column elementor-col-50 elementor-top-column elementor-element elementor-element-f11e231\" data-id=\"f11e231\" data-element_type=\"column\" data-e-type=\"column\">\n\t\t\t<div class=\"elementor-widget-wrap elementor-element-populated\">\n\t\t\t\t\t\t<div class=\"elementor-element elementor-element-b717fc6 elementor-widget elementor-widget-html\" data-id=\"b717fc6\" data-element_type=\"widget\" data-e-type=\"widget\" data-widget_type=\"html.default\">\n\t\t\t\t<div class=\"elementor-widget-container\">\n\t\t\t\t\t<style>.breadcroumb-area{\nbackground-image: url(\"\/wp-content\/uploads\/2024\/11\/piegatura.png\");\nbackground-size:cover;\n}<\/style>\t\t\t\t<\/div>\n\t\t\t\t<\/div>\n\t\t\t\t<div class=\"elementor-element elementor-element-8c96158 elementor-widget elementor-widget-vektor_about_image\" data-id=\"8c96158\" data-element_type=\"widget\" data-e-type=\"widget\" data-widget_type=\"vektor_about_image.default\">\n\t\t\t\t<div class=\"elementor-widget-container\">\n\t\t\t\t\t\r\n        <script>\r\n\t\t\tjQuery(document).ready(function($) {\r\n\t\t\t\t \"use strict\";\r\n\t\t\t\t$(\".timer\").countTo();\r\n\t\t\t\t$(\".count-process\").appear(function() {\r\n\t\t\t\t    $(\".timer\").countTo();\r\n\t\t\t\t}, {\r\n\t\t\t\t    accY: -200\r\n\t\t\t\t});\r\n\t\t\t});\r\n\t\t<\/script>\r\n                <div class=\"about-image-wrapper\">\r\n            <div class=\"container\">\r\n                <div class=\"about-image-item\">\r\n                    <div class=\"about-img-box abbox1\"><\/div>\r\n                    <div class=\"about-img-box abbox2\"><\/div>\r\n\r\n                    \r\n                    \r\n                    \r\n                    <img fetchpriority=\"high\" decoding=\"async\" width=\"2560\" height=\"1440\" src=\"https:\/\/metallab.eu\/wp-content\/uploads\/2024\/09\/Untitled_1.37.1-scaled.jpg\" class=\"attachment-full size-full\" alt=\"\" srcset=\"https:\/\/metallab.eu\/wp-content\/uploads\/2024\/09\/Untitled_1.37.1-scaled.jpg 2560w, https:\/\/metallab.eu\/wp-content\/uploads\/2024\/09\/Untitled_1.37.1-300x169.jpg 300w, https:\/\/metallab.eu\/wp-content\/uploads\/2024\/09\/Untitled_1.37.1-1024x576.jpg 1024w, https:\/\/metallab.eu\/wp-content\/uploads\/2024\/09\/Untitled_1.37.1-768x432.jpg 768w, https:\/\/metallab.eu\/wp-content\/uploads\/2024\/09\/Untitled_1.37.1-1536x864.jpg 1536w, https:\/\/metallab.eu\/wp-content\/uploads\/2024\/09\/Untitled_1.37.1-2048x1152.jpg 2048w\" sizes=\"(max-width: 2560px) 100vw, 2560px\" \/>\r\n                    \r\n                                                                \r\n                    \r\n                <\/div>\r\n            <\/div>\r\n        <\/div>\r\n\t\t\t\t<\/div>\n\t\t\t\t<\/div>\n\t\t\t\t\t<\/div>\n\t\t<\/div>\n\t\t\t\t\t<\/div>\n\t\t<\/section>\n\t\t\t\t<\/div>\n\t\t","protected":false},"excerpt":{"rendered":"<p>pliage Presses plieuses Les op\u00e9rations de pliage sont effectu\u00e9es avec des machines de derni\u00e8re\u00a0g\u00e9n\u00e9ration, qui permettent de r\u00e9aliser des pi\u00e8ces simples aux plus complexes\u00a0gr\u00e2ce \u00e0 leur contr\u00f4le angulaire laser.Nos presses plieuses hydrauliques, gr\u00e2ce au haut professionnalisme de nos\u00a0op\u00e9rateurs et \u00e0 l\u2019\u00e9quipement de plusieurs axes, parviennent \u00e0 donner \u00e0 la t\u00f4le n\u2019importe quelle\u00a0forme.<\/p>\n","protected":false},"author":1,"featured_media":0,"parent":0,"menu_order":0,"comment_status":"closed","ping_status":"closed","template":"","meta":{"footnotes":""},"class_list":["post-9266","page","type-page","status-publish","hentry"],"yoast_head":"<!-- This site is optimized with the Yoast SEO plugin v27.3 - https:\/\/yoast.com\/product\/yoast-seo-wordpress\/ -->\n<title>Pliage du m\u00e9tal, | Metallab<\/title>\n<meta name=\"description\" content=\"Les op\u00e9rations de pliage sont r\u00e9alis\u00e9es avec des machines de derni\u00e8re g\u00e9n\u00e9ration qui permettent la cr\u00e9ation de pi\u00e8ces simples \u00e0 plus complexes gr\u00e2ce \u00e0 leur contr\u00f4le angulaire laser.\" \/>\n<meta name=\"robots\" content=\"index, follow, max-snippet:-1, max-image-preview:large, max-video-preview:-1\" \/>\n<link rel=\"canonical\" href=\"https:\/\/metallab.eu\/fr\/pliage\/\" \/>\n<meta property=\"og:locale\" content=\"fr_FR\" \/>\n<meta property=\"og:type\" content=\"article\" \/>\n<meta property=\"og:title\" content=\"Pliage du m\u00e9tal, | Metallab\" \/>\n<meta property=\"og:description\" content=\"Les op\u00e9rations de pliage sont r\u00e9alis\u00e9es avec des machines de derni\u00e8re g\u00e9n\u00e9ration qui permettent la cr\u00e9ation de pi\u00e8ces simples \u00e0 plus complexes gr\u00e2ce \u00e0 leur contr\u00f4le angulaire laser.\" \/>\n<meta property=\"og:url\" content=\"https:\/\/metallab.eu\/fr\/pliage\/\" \/>\n<meta property=\"og:site_name\" content=\"Metallab\" \/>\n<meta property=\"article:modified_time\" content=\"2024-11-21T08:49:30+00:00\" \/>\n<meta property=\"og:image\" content=\"https:\/\/metallab.eu\/wp-content\/uploads\/2024\/09\/Untitled_1.37.1-scaled.jpg\" \/>\n<meta name=\"twitter:card\" content=\"summary_large_image\" \/>\n<meta name=\"twitter:label1\" content=\"Dur\u00e9e de lecture estim\u00e9e\" \/>\n\t<meta name=\"twitter:data1\" content=\"1 minute\" \/>\n<script type=\"application\/ld+json\" class=\"yoast-schema-graph\">{\"@context\":\"https:\\\/\\\/schema.org\",\"@graph\":[{\"@type\":\"WebPage\",\"@id\":\"https:\\\/\\\/metallab.eu\\\/fr\\\/pliage\\\/\",\"url\":\"https:\\\/\\\/metallab.eu\\\/fr\\\/pliage\\\/\",\"name\":\"Pliage du m\u00e9tal, | Metallab\",\"isPartOf\":{\"@id\":\"https:\\\/\\\/metallab.eu\\\/fr\\\/#website\"},\"primaryImageOfPage\":{\"@id\":\"https:\\\/\\\/metallab.eu\\\/fr\\\/pliage\\\/#primaryimage\"},\"image\":{\"@id\":\"https:\\\/\\\/metallab.eu\\\/fr\\\/pliage\\\/#primaryimage\"},\"thumbnailUrl\":\"https:\\\/\\\/metallab.eu\\\/wp-content\\\/uploads\\\/2024\\\/09\\\/Untitled_1.37.1-scaled.jpg\",\"datePublished\":\"2024-09-30T15:40:06+00:00\",\"dateModified\":\"2024-11-21T08:49:30+00:00\",\"description\":\"Les op\u00e9rations de pliage sont r\u00e9alis\u00e9es avec des machines de derni\u00e8re g\u00e9n\u00e9ration qui permettent la cr\u00e9ation de pi\u00e8ces simples \u00e0 plus complexes gr\u00e2ce \u00e0 leur contr\u00f4le angulaire laser.\",\"breadcrumb\":{\"@id\":\"https:\\\/\\\/metallab.eu\\\/fr\\\/pliage\\\/#breadcrumb\"},\"inLanguage\":\"fr-FR\",\"potentialAction\":[{\"@type\":\"ReadAction\",\"target\":[\"https:\\\/\\\/metallab.eu\\\/fr\\\/pliage\\\/\"]}]},{\"@type\":\"ImageObject\",\"inLanguage\":\"fr-FR\",\"@id\":\"https:\\\/\\\/metallab.eu\\\/fr\\\/pliage\\\/#primaryimage\",\"url\":\"https:\\\/\\\/metallab.eu\\\/wp-content\\\/uploads\\\/2024\\\/09\\\/Untitled_1.37.1-scaled.jpg\",\"contentUrl\":\"https:\\\/\\\/metallab.eu\\\/wp-content\\\/uploads\\\/2024\\\/09\\\/Untitled_1.37.1-scaled.jpg\"},{\"@type\":\"BreadcrumbList\",\"@id\":\"https:\\\/\\\/metallab.eu\\\/fr\\\/pliage\\\/#breadcrumb\",\"itemListElement\":[{\"@type\":\"ListItem\",\"position\":1,\"name\":\"Home\",\"item\":\"https:\\\/\\\/metallab.eu\\\/fr\\\/\"},{\"@type\":\"ListItem\",\"position\":2,\"name\":\"Pliage\"}]},{\"@type\":\"WebSite\",\"@id\":\"https:\\\/\\\/metallab.eu\\\/fr\\\/#website\",\"url\":\"https:\\\/\\\/metallab.eu\\\/fr\\\/\",\"name\":\"Metal Lab\",\"description\":\"\",\"publisher\":{\"@id\":\"https:\\\/\\\/metallab.eu\\\/fr\\\/#organization\"},\"potentialAction\":[{\"@type\":\"SearchAction\",\"target\":{\"@type\":\"EntryPoint\",\"urlTemplate\":\"https:\\\/\\\/metallab.eu\\\/fr\\\/?s={search_term_string}\"},\"query-input\":{\"@type\":\"PropertyValueSpecification\",\"valueRequired\":true,\"valueName\":\"search_term_string\"}}],\"inLanguage\":\"fr-FR\"},{\"@type\":\"Organization\",\"@id\":\"https:\\\/\\\/metallab.eu\\\/fr\\\/#organization\",\"name\":\"Metal Lab\",\"url\":\"https:\\\/\\\/metallab.eu\\\/fr\\\/\",\"logo\":{\"@type\":\"ImageObject\",\"inLanguage\":\"fr-FR\",\"@id\":\"https:\\\/\\\/metallab.eu\\\/fr\\\/#\\\/schema\\\/logo\\\/image\\\/\",\"url\":\"https:\\\/\\\/metallab.eu\\\/wp-content\\\/uploads\\\/2024\\\/01\\\/logo-metallab.png\",\"contentUrl\":\"https:\\\/\\\/metallab.eu\\\/wp-content\\\/uploads\\\/2024\\\/01\\\/logo-metallab.png\",\"width\":1744,\"height\":420,\"caption\":\"Metal Lab\"},\"image\":{\"@id\":\"https:\\\/\\\/metallab.eu\\\/fr\\\/#\\\/schema\\\/logo\\\/image\\\/\"}}]}<\/script>\n<!-- \/ Yoast SEO plugin. -->","yoast_head_json":{"title":"Pliage du m\u00e9tal, | Metallab","description":"Les op\u00e9rations de pliage sont r\u00e9alis\u00e9es avec des machines de derni\u00e8re g\u00e9n\u00e9ration qui permettent la cr\u00e9ation de pi\u00e8ces simples \u00e0 plus complexes gr\u00e2ce \u00e0 leur contr\u00f4le angulaire laser.","robots":{"index":"index","follow":"follow","max-snippet":"max-snippet:-1","max-image-preview":"max-image-preview:large","max-video-preview":"max-video-preview:-1"},"canonical":"https:\/\/metallab.eu\/fr\/pliage\/","og_locale":"fr_FR","og_type":"article","og_title":"Pliage du m\u00e9tal, | Metallab","og_description":"Les op\u00e9rations de pliage sont r\u00e9alis\u00e9es avec des machines de derni\u00e8re g\u00e9n\u00e9ration qui permettent la cr\u00e9ation de pi\u00e8ces simples \u00e0 plus complexes gr\u00e2ce \u00e0 leur contr\u00f4le angulaire laser.","og_url":"https:\/\/metallab.eu\/fr\/pliage\/","og_site_name":"Metallab","article_modified_time":"2024-11-21T08:49:30+00:00","og_image":[{"url":"https:\/\/metallab.eu\/wp-content\/uploads\/2024\/09\/Untitled_1.37.1-scaled.jpg","type":"","width":"","height":""}],"twitter_card":"summary_large_image","twitter_misc":{"Dur\u00e9e de lecture estim\u00e9e":"1 minute"},"schema":{"@context":"https:\/\/schema.org","@graph":[{"@type":"WebPage","@id":"https:\/\/metallab.eu\/fr\/pliage\/","url":"https:\/\/metallab.eu\/fr\/pliage\/","name":"Pliage du m\u00e9tal, | Metallab","isPartOf":{"@id":"https:\/\/metallab.eu\/fr\/#website"},"primaryImageOfPage":{"@id":"https:\/\/metallab.eu\/fr\/pliage\/#primaryimage"},"image":{"@id":"https:\/\/metallab.eu\/fr\/pliage\/#primaryimage"},"thumbnailUrl":"https:\/\/metallab.eu\/wp-content\/uploads\/2024\/09\/Untitled_1.37.1-scaled.jpg","datePublished":"2024-09-30T15:40:06+00:00","dateModified":"2024-11-21T08:49:30+00:00","description":"Les op\u00e9rations de pliage sont r\u00e9alis\u00e9es avec des machines de derni\u00e8re g\u00e9n\u00e9ration qui permettent la cr\u00e9ation de pi\u00e8ces simples \u00e0 plus complexes gr\u00e2ce \u00e0 leur contr\u00f4le angulaire laser.","breadcrumb":{"@id":"https:\/\/metallab.eu\/fr\/pliage\/#breadcrumb"},"inLanguage":"fr-FR","potentialAction":[{"@type":"ReadAction","target":["https:\/\/metallab.eu\/fr\/pliage\/"]}]},{"@type":"ImageObject","inLanguage":"fr-FR","@id":"https:\/\/metallab.eu\/fr\/pliage\/#primaryimage","url":"https:\/\/metallab.eu\/wp-content\/uploads\/2024\/09\/Untitled_1.37.1-scaled.jpg","contentUrl":"https:\/\/metallab.eu\/wp-content\/uploads\/2024\/09\/Untitled_1.37.1-scaled.jpg"},{"@type":"BreadcrumbList","@id":"https:\/\/metallab.eu\/fr\/pliage\/#breadcrumb","itemListElement":[{"@type":"ListItem","position":1,"name":"Home","item":"https:\/\/metallab.eu\/fr\/"},{"@type":"ListItem","position":2,"name":"Pliage"}]},{"@type":"WebSite","@id":"https:\/\/metallab.eu\/fr\/#website","url":"https:\/\/metallab.eu\/fr\/","name":"Metal Lab","description":"","publisher":{"@id":"https:\/\/metallab.eu\/fr\/#organization"},"potentialAction":[{"@type":"SearchAction","target":{"@type":"EntryPoint","urlTemplate":"https:\/\/metallab.eu\/fr\/?s={search_term_string}"},"query-input":{"@type":"PropertyValueSpecification","valueRequired":true,"valueName":"search_term_string"}}],"inLanguage":"fr-FR"},{"@type":"Organization","@id":"https:\/\/metallab.eu\/fr\/#organization","name":"Metal Lab","url":"https:\/\/metallab.eu\/fr\/","logo":{"@type":"ImageObject","inLanguage":"fr-FR","@id":"https:\/\/metallab.eu\/fr\/#\/schema\/logo\/image\/","url":"https:\/\/metallab.eu\/wp-content\/uploads\/2024\/01\/logo-metallab.png","contentUrl":"https:\/\/metallab.eu\/wp-content\/uploads\/2024\/01\/logo-metallab.png","width":1744,"height":420,"caption":"Metal Lab"},"image":{"@id":"https:\/\/metallab.eu\/fr\/#\/schema\/logo\/image\/"}}]}},"_links":{"self":[{"href":"https:\/\/metallab.eu\/fr\/wp-json\/wp\/v2\/pages\/9266","targetHints":{"allow":["GET"]}}],"collection":[{"href":"https:\/\/metallab.eu\/fr\/wp-json\/wp\/v2\/pages"}],"about":[{"href":"https:\/\/metallab.eu\/fr\/wp-json\/wp\/v2\/types\/page"}],"author":[{"embeddable":true,"href":"https:\/\/metallab.eu\/fr\/wp-json\/wp\/v2\/users\/1"}],"replies":[{"embeddable":true,"href":"https:\/\/metallab.eu\/fr\/wp-json\/wp\/v2\/comments?post=9266"}],"version-history":[{"count":4,"href":"https:\/\/metallab.eu\/fr\/wp-json\/wp\/v2\/pages\/9266\/revisions"}],"predecessor-version":[{"id":9523,"href":"https:\/\/metallab.eu\/fr\/wp-json\/wp\/v2\/pages\/9266\/revisions\/9523"}],"wp:attachment":[{"href":"https:\/\/metallab.eu\/fr\/wp-json\/wp\/v2\/media?parent=9266"}],"curies":[{"name":"wp","href":"https:\/\/api.w.org\/{rel}","templated":true}]}}