{"id":9262,"date":"2024-09-30T17:40:36","date_gmt":"2024-09-30T15:40:36","guid":{"rendered":"https:\/\/metallab.eu\/pannellatura\/"},"modified":"2024-11-21T09:41:00","modified_gmt":"2024-11-21T08:41:00","slug":"panneautage","status":"publish","type":"page","link":"https:\/\/metallab.eu\/fr\/panneautage\/","title":{"rendered":"Panneautage"},"content":{"rendered":"\t\t<div data-elementor-type=\"wp-page\" data-elementor-id=\"9262\" class=\"elementor elementor-9262 elementor-8419\">\n\t\t\t\t\t\t<section class=\"elementor-section elementor-top-section elementor-element elementor-element-cf67d24 elementor-section-boxed elementor-section-height-default elementor-section-height-default\" data-id=\"cf67d24\" data-element_type=\"section\" data-e-type=\"section\" data-settings=\"{&quot;background_background&quot;:&quot;classic&quot;}\">\n\t\t\t\t\t\t<div class=\"elementor-container elementor-column-gap-default\">\n\t\t\t\t\t<div class=\"elementor-column elementor-col-50 elementor-top-column elementor-element elementor-element-dc80cd1\" data-id=\"dc80cd1\" data-element_type=\"column\" data-e-type=\"column\">\n\t\t\t<div class=\"elementor-widget-wrap elementor-element-populated\">\n\t\t\t\t\t\t<div class=\"elementor-element elementor-element-f9db4cd elementor-widget elementor-widget-vektor_section_title\" data-id=\"f9db4cd\" data-element_type=\"widget\" data-e-type=\"widget\" data-widget_type=\"vektor_section_title.default\">\n\t\t\t\t<div class=\"elementor-widget-container\">\n\t\t\t\t\t\r\n        <div class=\"container\">\r\n            <div class=\"row\">\r\n                <div class=\"vektor-section-title-wrapper\">\r\n                    <div class=\"vektor-section-title-content\">\r\n\r\n                                                    \r\n                                <span class=\"section-small-title  section-subtitle-padding-left\">\r\n\r\n                                                                            <div class=\"section-stitle-line\"><\/div>\r\n                                    \r\n                                    \r\n                                    <div class=\"stitle-box\">panneautage<\/div>\r\n                                <\/span>\r\n                                                    \r\n                                                    <h2 class=\"vektor-section-title\">\r\n                                Plieuse de panneaux automatique SALVAGNINI\u00a0P4                            <\/h2>\r\n                        \r\n                                                                                    <div class=\"section-description\">\r\n                                    Installation avanc\u00e9e qui combine\u00a0productivit\u00e9, gr\u00e2ce aux cycles automatiques de pliage et de manipulation, et flexibilit\u00e9,\u00a0gr\u00e2ce aux outils de pliage universels.                                <\/div>\r\n                                                                        <\/div>\r\n                <\/div>\r\n            <\/div>\r\n        <\/div>\r\n\t\t\t\t<\/div>\n\t\t\t\t<\/div>\n\t\t\t\t\t<\/div>\n\t\t<\/div>\n\t\t\t\t<div class=\"elementor-column elementor-col-50 elementor-top-column elementor-element elementor-element-b2b5ca7\" data-id=\"b2b5ca7\" data-element_type=\"column\" data-e-type=\"column\">\n\t\t\t<div class=\"elementor-widget-wrap elementor-element-populated\">\n\t\t\t\t\t\t<div class=\"elementor-element elementor-element-1f2f2b6 elementor-widget elementor-widget-html\" data-id=\"1f2f2b6\" data-element_type=\"widget\" data-e-type=\"widget\" data-widget_type=\"html.default\">\n\t\t\t\t<div class=\"elementor-widget-container\">\n\t\t\t\t\t<style>.breadcroumb-area{\nbackground-image: url(\"\/wp-content\/uploads\/2024\/10\/servizi-macchinario.jpg\");\nbackground-size:cover;\n}<\/style>\t\t\t\t<\/div>\n\t\t\t\t<\/div>\n\t\t\t\t<div class=\"elementor-element elementor-element-f559426 elementor-widget elementor-widget-vektor_about_image\" data-id=\"f559426\" data-element_type=\"widget\" data-e-type=\"widget\" data-widget_type=\"vektor_about_image.default\">\n\t\t\t\t<div class=\"elementor-widget-container\">\n\t\t\t\t\t\r\n        <script>\r\n\t\t\tjQuery(document).ready(function($) {\r\n\t\t\t\t \"use strict\";\r\n\t\t\t\t$(\".timer\").countTo();\r\n\t\t\t\t$(\".count-process\").appear(function() {\r\n\t\t\t\t    $(\".timer\").countTo();\r\n\t\t\t\t}, {\r\n\t\t\t\t    accY: -200\r\n\t\t\t\t});\r\n\t\t\t});\r\n\t\t<\/script>\r\n                <div class=\"about-image-wrapper\">\r\n            <div class=\"container\">\r\n                <div class=\"about-image-item\">\r\n                    <div class=\"about-img-box abbox1\"><\/div>\r\n                    <div class=\"about-img-box abbox2\"><\/div>\r\n\r\n                    \r\n                    \r\n                    \r\n                    <img fetchpriority=\"high\" decoding=\"async\" width=\"2560\" height=\"1440\" src=\"https:\/\/metallab.eu\/wp-content\/uploads\/2024\/09\/Untitled_1.38.2-scaled.jpg\" class=\"attachment-full size-full\" alt=\"\" srcset=\"https:\/\/metallab.eu\/wp-content\/uploads\/2024\/09\/Untitled_1.38.2-scaled.jpg 2560w, https:\/\/metallab.eu\/wp-content\/uploads\/2024\/09\/Untitled_1.38.2-300x169.jpg 300w, https:\/\/metallab.eu\/wp-content\/uploads\/2024\/09\/Untitled_1.38.2-1024x576.jpg 1024w, https:\/\/metallab.eu\/wp-content\/uploads\/2024\/09\/Untitled_1.38.2-768x432.jpg 768w, https:\/\/metallab.eu\/wp-content\/uploads\/2024\/09\/Untitled_1.38.2-1536x864.jpg 1536w, https:\/\/metallab.eu\/wp-content\/uploads\/2024\/09\/Untitled_1.38.2-2048x1152.jpg 2048w\" sizes=\"(max-width: 2560px) 100vw, 2560px\" \/>\r\n                    \r\n                                                                \r\n                    \r\n                <\/div>\r\n            <\/div>\r\n        <\/div>\r\n\t\t\t\t<\/div>\n\t\t\t\t<\/div>\n\t\t\t\t\t<\/div>\n\t\t<\/div>\n\t\t\t\t\t<\/div>\n\t\t<\/section>\n\t\t\t\t<\/div>\n\t\t","protected":false},"excerpt":{"rendered":"<p>panneautage Plieuse de panneaux automatique SALVAGNINI\u00a0P4 Installation avanc\u00e9e qui combine\u00a0productivit\u00e9, gr\u00e2ce aux cycles automatiques de pliage et de manipulation, et flexibilit\u00e9,\u00a0gr\u00e2ce aux outils de pliage universels.<\/p>\n","protected":false},"author":1,"featured_media":0,"parent":0,"menu_order":0,"comment_status":"closed","ping_status":"closed","template":"","meta":{"footnotes":""},"class_list":["post-9262","page","type-page","status-publish","hentry"],"yoast_head":"<!-- This site is optimized with the Yoast SEO plugin v27.3 - https:\/\/yoast.com\/product\/yoast-seo-wordpress\/ -->\n<title>Panneaux m\u00e9talliques, Machine \u00e0 panneaux automatique SALVAGNINI P4 | Metallab<\/title>\n<meta name=\"description\" content=\"Syst\u00e8me avanc\u00e9 qui allie productivit\u00e9, gr\u00e2ce aux cycles automatiques de pliage et de manutention, et flexibilit\u00e9, gr\u00e2ce aux outils de pliage universels.\" \/>\n<meta name=\"robots\" content=\"index, follow, max-snippet:-1, max-image-preview:large, max-video-preview:-1\" \/>\n<link rel=\"canonical\" href=\"https:\/\/metallab.eu\/fr\/panneautage\/\" \/>\n<meta property=\"og:locale\" content=\"fr_FR\" \/>\n<meta property=\"og:type\" content=\"article\" \/>\n<meta property=\"og:title\" content=\"Panneaux m\u00e9talliques, Machine \u00e0 panneaux automatique SALVAGNINI P4 | Metallab\" \/>\n<meta property=\"og:description\" content=\"Syst\u00e8me avanc\u00e9 qui allie productivit\u00e9, gr\u00e2ce aux cycles automatiques de pliage et de manutention, et flexibilit\u00e9, gr\u00e2ce aux outils de pliage universels.\" \/>\n<meta property=\"og:url\" content=\"https:\/\/metallab.eu\/fr\/panneautage\/\" \/>\n<meta property=\"og:site_name\" content=\"Metallab\" \/>\n<meta property=\"article:modified_time\" content=\"2024-11-21T08:41:00+00:00\" \/>\n<meta property=\"og:image\" content=\"https:\/\/metallab.eu\/wp-content\/uploads\/2024\/09\/Untitled_1.38.2-scaled.jpg\" \/>\n<meta name=\"twitter:card\" content=\"summary_large_image\" \/>\n<meta name=\"twitter:label1\" content=\"Dur\u00e9e de lecture estim\u00e9e\" \/>\n\t<meta name=\"twitter:data1\" content=\"1 minute\" \/>\n<script type=\"application\/ld+json\" class=\"yoast-schema-graph\">{\"@context\":\"https:\\\/\\\/schema.org\",\"@graph\":[{\"@type\":\"WebPage\",\"@id\":\"https:\\\/\\\/metallab.eu\\\/fr\\\/panneautage\\\/\",\"url\":\"https:\\\/\\\/metallab.eu\\\/fr\\\/panneautage\\\/\",\"name\":\"Panneaux m\u00e9talliques, Machine \u00e0 panneaux automatique SALVAGNINI P4 | Metallab\",\"isPartOf\":{\"@id\":\"https:\\\/\\\/metallab.eu\\\/fr\\\/#website\"},\"primaryImageOfPage\":{\"@id\":\"https:\\\/\\\/metallab.eu\\\/fr\\\/panneautage\\\/#primaryimage\"},\"image\":{\"@id\":\"https:\\\/\\\/metallab.eu\\\/fr\\\/panneautage\\\/#primaryimage\"},\"thumbnailUrl\":\"https:\\\/\\\/metallab.eu\\\/wp-content\\\/uploads\\\/2024\\\/09\\\/Untitled_1.38.2-scaled.jpg\",\"datePublished\":\"2024-09-30T15:40:36+00:00\",\"dateModified\":\"2024-11-21T08:41:00+00:00\",\"description\":\"Syst\u00e8me avanc\u00e9 qui allie productivit\u00e9, gr\u00e2ce aux cycles automatiques de pliage et de manutention, et flexibilit\u00e9, gr\u00e2ce aux outils de pliage universels.\",\"breadcrumb\":{\"@id\":\"https:\\\/\\\/metallab.eu\\\/fr\\\/panneautage\\\/#breadcrumb\"},\"inLanguage\":\"fr-FR\",\"potentialAction\":[{\"@type\":\"ReadAction\",\"target\":[\"https:\\\/\\\/metallab.eu\\\/fr\\\/panneautage\\\/\"]}]},{\"@type\":\"ImageObject\",\"inLanguage\":\"fr-FR\",\"@id\":\"https:\\\/\\\/metallab.eu\\\/fr\\\/panneautage\\\/#primaryimage\",\"url\":\"https:\\\/\\\/metallab.eu\\\/wp-content\\\/uploads\\\/2024\\\/09\\\/Untitled_1.38.2-scaled.jpg\",\"contentUrl\":\"https:\\\/\\\/metallab.eu\\\/wp-content\\\/uploads\\\/2024\\\/09\\\/Untitled_1.38.2-scaled.jpg\"},{\"@type\":\"BreadcrumbList\",\"@id\":\"https:\\\/\\\/metallab.eu\\\/fr\\\/panneautage\\\/#breadcrumb\",\"itemListElement\":[{\"@type\":\"ListItem\",\"position\":1,\"name\":\"Home\",\"item\":\"https:\\\/\\\/metallab.eu\\\/fr\\\/\"},{\"@type\":\"ListItem\",\"position\":2,\"name\":\"Panneautage\"}]},{\"@type\":\"WebSite\",\"@id\":\"https:\\\/\\\/metallab.eu\\\/fr\\\/#website\",\"url\":\"https:\\\/\\\/metallab.eu\\\/fr\\\/\",\"name\":\"Metal Lab\",\"description\":\"\",\"publisher\":{\"@id\":\"https:\\\/\\\/metallab.eu\\\/fr\\\/#organization\"},\"potentialAction\":[{\"@type\":\"SearchAction\",\"target\":{\"@type\":\"EntryPoint\",\"urlTemplate\":\"https:\\\/\\\/metallab.eu\\\/fr\\\/?s={search_term_string}\"},\"query-input\":{\"@type\":\"PropertyValueSpecification\",\"valueRequired\":true,\"valueName\":\"search_term_string\"}}],\"inLanguage\":\"fr-FR\"},{\"@type\":\"Organization\",\"@id\":\"https:\\\/\\\/metallab.eu\\\/fr\\\/#organization\",\"name\":\"Metal Lab\",\"url\":\"https:\\\/\\\/metallab.eu\\\/fr\\\/\",\"logo\":{\"@type\":\"ImageObject\",\"inLanguage\":\"fr-FR\",\"@id\":\"https:\\\/\\\/metallab.eu\\\/fr\\\/#\\\/schema\\\/logo\\\/image\\\/\",\"url\":\"https:\\\/\\\/metallab.eu\\\/wp-content\\\/uploads\\\/2024\\\/01\\\/logo-metallab.png\",\"contentUrl\":\"https:\\\/\\\/metallab.eu\\\/wp-content\\\/uploads\\\/2024\\\/01\\\/logo-metallab.png\",\"width\":1744,\"height\":420,\"caption\":\"Metal Lab\"},\"image\":{\"@id\":\"https:\\\/\\\/metallab.eu\\\/fr\\\/#\\\/schema\\\/logo\\\/image\\\/\"}}]}<\/script>\n<!-- \/ Yoast SEO plugin. -->","yoast_head_json":{"title":"Panneaux m\u00e9talliques, Machine \u00e0 panneaux automatique SALVAGNINI P4 | Metallab","description":"Syst\u00e8me avanc\u00e9 qui allie productivit\u00e9, gr\u00e2ce aux cycles automatiques de pliage et de manutention, et flexibilit\u00e9, gr\u00e2ce aux outils de pliage universels.","robots":{"index":"index","follow":"follow","max-snippet":"max-snippet:-1","max-image-preview":"max-image-preview:large","max-video-preview":"max-video-preview:-1"},"canonical":"https:\/\/metallab.eu\/fr\/panneautage\/","og_locale":"fr_FR","og_type":"article","og_title":"Panneaux m\u00e9talliques, Machine \u00e0 panneaux automatique SALVAGNINI P4 | Metallab","og_description":"Syst\u00e8me avanc\u00e9 qui allie productivit\u00e9, gr\u00e2ce aux cycles automatiques de pliage et de manutention, et flexibilit\u00e9, gr\u00e2ce aux outils de pliage universels.","og_url":"https:\/\/metallab.eu\/fr\/panneautage\/","og_site_name":"Metallab","article_modified_time":"2024-11-21T08:41:00+00:00","og_image":[{"url":"https:\/\/metallab.eu\/wp-content\/uploads\/2024\/09\/Untitled_1.38.2-scaled.jpg","type":"","width":"","height":""}],"twitter_card":"summary_large_image","twitter_misc":{"Dur\u00e9e de lecture estim\u00e9e":"1 minute"},"schema":{"@context":"https:\/\/schema.org","@graph":[{"@type":"WebPage","@id":"https:\/\/metallab.eu\/fr\/panneautage\/","url":"https:\/\/metallab.eu\/fr\/panneautage\/","name":"Panneaux m\u00e9talliques, Machine \u00e0 panneaux automatique SALVAGNINI P4 | Metallab","isPartOf":{"@id":"https:\/\/metallab.eu\/fr\/#website"},"primaryImageOfPage":{"@id":"https:\/\/metallab.eu\/fr\/panneautage\/#primaryimage"},"image":{"@id":"https:\/\/metallab.eu\/fr\/panneautage\/#primaryimage"},"thumbnailUrl":"https:\/\/metallab.eu\/wp-content\/uploads\/2024\/09\/Untitled_1.38.2-scaled.jpg","datePublished":"2024-09-30T15:40:36+00:00","dateModified":"2024-11-21T08:41:00+00:00","description":"Syst\u00e8me avanc\u00e9 qui allie productivit\u00e9, gr\u00e2ce aux cycles automatiques de pliage et de manutention, et flexibilit\u00e9, gr\u00e2ce aux outils de pliage universels.","breadcrumb":{"@id":"https:\/\/metallab.eu\/fr\/panneautage\/#breadcrumb"},"inLanguage":"fr-FR","potentialAction":[{"@type":"ReadAction","target":["https:\/\/metallab.eu\/fr\/panneautage\/"]}]},{"@type":"ImageObject","inLanguage":"fr-FR","@id":"https:\/\/metallab.eu\/fr\/panneautage\/#primaryimage","url":"https:\/\/metallab.eu\/wp-content\/uploads\/2024\/09\/Untitled_1.38.2-scaled.jpg","contentUrl":"https:\/\/metallab.eu\/wp-content\/uploads\/2024\/09\/Untitled_1.38.2-scaled.jpg"},{"@type":"BreadcrumbList","@id":"https:\/\/metallab.eu\/fr\/panneautage\/#breadcrumb","itemListElement":[{"@type":"ListItem","position":1,"name":"Home","item":"https:\/\/metallab.eu\/fr\/"},{"@type":"ListItem","position":2,"name":"Panneautage"}]},{"@type":"WebSite","@id":"https:\/\/metallab.eu\/fr\/#website","url":"https:\/\/metallab.eu\/fr\/","name":"Metal Lab","description":"","publisher":{"@id":"https:\/\/metallab.eu\/fr\/#organization"},"potentialAction":[{"@type":"SearchAction","target":{"@type":"EntryPoint","urlTemplate":"https:\/\/metallab.eu\/fr\/?s={search_term_string}"},"query-input":{"@type":"PropertyValueSpecification","valueRequired":true,"valueName":"search_term_string"}}],"inLanguage":"fr-FR"},{"@type":"Organization","@id":"https:\/\/metallab.eu\/fr\/#organization","name":"Metal Lab","url":"https:\/\/metallab.eu\/fr\/","logo":{"@type":"ImageObject","inLanguage":"fr-FR","@id":"https:\/\/metallab.eu\/fr\/#\/schema\/logo\/image\/","url":"https:\/\/metallab.eu\/wp-content\/uploads\/2024\/01\/logo-metallab.png","contentUrl":"https:\/\/metallab.eu\/wp-content\/uploads\/2024\/01\/logo-metallab.png","width":1744,"height":420,"caption":"Metal Lab"},"image":{"@id":"https:\/\/metallab.eu\/fr\/#\/schema\/logo\/image\/"}}]}},"_links":{"self":[{"href":"https:\/\/metallab.eu\/fr\/wp-json\/wp\/v2\/pages\/9262","targetHints":{"allow":["GET"]}}],"collection":[{"href":"https:\/\/metallab.eu\/fr\/wp-json\/wp\/v2\/pages"}],"about":[{"href":"https:\/\/metallab.eu\/fr\/wp-json\/wp\/v2\/types\/page"}],"author":[{"embeddable":true,"href":"https:\/\/metallab.eu\/fr\/wp-json\/wp\/v2\/users\/1"}],"replies":[{"embeddable":true,"href":"https:\/\/metallab.eu\/fr\/wp-json\/wp\/v2\/comments?post=9262"}],"version-history":[{"count":4,"href":"https:\/\/metallab.eu\/fr\/wp-json\/wp\/v2\/pages\/9262\/revisions"}],"predecessor-version":[{"id":9509,"href":"https:\/\/metallab.eu\/fr\/wp-json\/wp\/v2\/pages\/9262\/revisions\/9509"}],"wp:attachment":[{"href":"https:\/\/metallab.eu\/fr\/wp-json\/wp\/v2\/media?parent=9262"}],"curies":[{"name":"wp","href":"https:\/\/api.w.org\/{rel}","templated":true}]}}