{"id":9292,"date":"2024-09-30T17:39:01","date_gmt":"2024-09-30T15:39:01","guid":{"rendered":"https:\/\/metallab.eu\/taglio-laser\/"},"modified":"2024-11-21T10:04:47","modified_gmt":"2024-11-21T09:04:47","slug":"corte-por-laser","status":"publish","type":"page","link":"https:\/\/metallab.eu\/es\/corte-por-laser\/","title":{"rendered":"Corte por l\u00e1ser"},"content":{"rendered":"\t\t<div data-elementor-type=\"wp-page\" data-elementor-id=\"9292\" class=\"elementor elementor-9292 elementor-8411\">\n\t\t\t\t\t\t<section class=\"elementor-section elementor-top-section elementor-element elementor-element-265a062 elementor-section-boxed elementor-section-height-default elementor-section-height-default\" data-id=\"265a062\" data-element_type=\"section\" data-e-type=\"section\" data-settings=\"{&quot;background_background&quot;:&quot;classic&quot;}\">\n\t\t\t\t\t\t<div class=\"elementor-container elementor-column-gap-default\">\n\t\t\t\t\t<div class=\"elementor-column elementor-col-50 elementor-top-column elementor-element elementor-element-eed4a31\" data-id=\"eed4a31\" data-element_type=\"column\" data-e-type=\"column\">\n\t\t\t<div class=\"elementor-widget-wrap elementor-element-populated\">\n\t\t\t\t\t\t<div class=\"elementor-element elementor-element-daad347 elementor-widget elementor-widget-vektor_section_title\" data-id=\"daad347\" data-element_type=\"widget\" data-e-type=\"widget\" data-widget_type=\"vektor_section_title.default\">\n\t\t\t\t<div class=\"elementor-widget-container\">\n\t\t\t\t\t\r\n        <div class=\"container\">\r\n            <div class=\"row\">\r\n                <div class=\"vektor-section-title-wrapper\">\r\n                    <div class=\"vektor-section-title-content\">\r\n\r\n                                                    \r\n                                <span class=\"section-small-title  section-subtitle-padding-left\">\r\n\r\n                                                                            <div class=\"section-stitle-line\"><\/div>\r\n                                    \r\n                                    \r\n                                    <div class=\"stitle-box\">corte por laser<\/div>\r\n                                <\/span>\r\n                                                    \r\n                                                    <h2 class=\"vektor-section-title\">\r\n                                Corte l\u00e1ser AMADA LASER ENSIS 3015 AJ ASLUL                            <\/h2>\r\n                        \r\n                                                                                    <div class=\"section-description\">\r\n                                    Sistema de corte por l\u00e1ser con\u00a0automatizaci\u00f3n integrada.                                <\/div>\r\n                                                                        <\/div>\r\n                <\/div>\r\n            <\/div>\r\n        <\/div>\r\n\t\t\t\t<\/div>\n\t\t\t\t<\/div>\n\t\t\t\t\t<\/div>\n\t\t<\/div>\n\t\t\t\t<div class=\"elementor-column elementor-col-50 elementor-top-column elementor-element elementor-element-cbe4784\" data-id=\"cbe4784\" data-element_type=\"column\" data-e-type=\"column\">\n\t\t\t<div class=\"elementor-widget-wrap elementor-element-populated\">\n\t\t\t\t\t\t<div class=\"elementor-element elementor-element-3c2ad7d elementor-widget elementor-widget-html\" data-id=\"3c2ad7d\" data-element_type=\"widget\" data-e-type=\"widget\" data-widget_type=\"html.default\">\n\t\t\t\t<div class=\"elementor-widget-container\">\n\t\t\t\t\t<style>.breadcroumb-area{\nbackground-image: url(\"\/wp-content\/uploads\/2024\/10\/Untitled_1.28.1-scaled.jpg\");\nbackground-size:cover;\n}<\/style>\t\t\t\t<\/div>\n\t\t\t\t<\/div>\n\t\t\t\t<div class=\"elementor-element elementor-element-b7ecc83 elementor-widget elementor-widget-vektor_about_image\" data-id=\"b7ecc83\" data-element_type=\"widget\" data-e-type=\"widget\" data-widget_type=\"vektor_about_image.default\">\n\t\t\t\t<div class=\"elementor-widget-container\">\n\t\t\t\t\t\r\n        <script>\r\n\t\t\tjQuery(document).ready(function($) {\r\n\t\t\t\t \"use strict\";\r\n\t\t\t\t$(\".timer\").countTo();\r\n\t\t\t\t$(\".count-process\").appear(function() {\r\n\t\t\t\t    $(\".timer\").countTo();\r\n\t\t\t\t}, {\r\n\t\t\t\t    accY: -200\r\n\t\t\t\t});\r\n\t\t\t});\r\n\t\t<\/script>\r\n                <div class=\"about-image-wrapper\">\r\n            <div class=\"container\">\r\n                <div class=\"about-image-item\">\r\n                    <div class=\"about-img-box abbox1\"><\/div>\r\n                    <div class=\"about-img-box abbox2\"><\/div>\r\n\r\n                    \r\n                    \r\n                    \r\n                    <img fetchpriority=\"high\" decoding=\"async\" width=\"1920\" height=\"2560\" src=\"https:\/\/metallab.eu\/wp-content\/uploads\/2024\/10\/taglio-laser-1-scaled.jpg\" class=\"attachment-full size-full\" alt=\"\" srcset=\"https:\/\/metallab.eu\/wp-content\/uploads\/2024\/10\/taglio-laser-1-scaled.jpg 1920w, https:\/\/metallab.eu\/wp-content\/uploads\/2024\/10\/taglio-laser-1-225x300.jpg 225w, https:\/\/metallab.eu\/wp-content\/uploads\/2024\/10\/taglio-laser-1-768x1024.jpg 768w, https:\/\/metallab.eu\/wp-content\/uploads\/2024\/10\/taglio-laser-1-1152x1536.jpg 1152w, https:\/\/metallab.eu\/wp-content\/uploads\/2024\/10\/taglio-laser-1-1536x2048.jpg 1536w\" sizes=\"(max-width: 1920px) 100vw, 1920px\" \/>\r\n                    \r\n                                                                \r\n                    \r\n                <\/div>\r\n            <\/div>\r\n        <\/div>\r\n\t\t\t\t<\/div>\n\t\t\t\t<\/div>\n\t\t\t\t\t<\/div>\n\t\t<\/div>\n\t\t\t\t\t<\/div>\n\t\t<\/section>\n\t\t\t\t<\/div>\n\t\t","protected":false},"excerpt":{"rendered":"<p>corte por laser Corte l\u00e1ser AMADA LASER ENSIS 3015 AJ ASLUL Sistema de corte por l\u00e1ser con\u00a0automatizaci\u00f3n integrada.<\/p>\n","protected":false},"author":1,"featured_media":0,"parent":0,"menu_order":0,"comment_status":"closed","ping_status":"closed","template":"","meta":{"footnotes":""},"class_list":["post-9292","page","type-page","status-publish","hentry"],"yoast_head":"<!-- This site is optimized with the Yoast SEO plugin v27.3 - https:\/\/yoast.com\/product\/yoast-seo-wordpress\/ -->\n<title>Corte por L\u00e1ser de Metales | Metallab<\/title>\n<meta name=\"description\" content=\"Corte por l\u00e1ser AMADA LASER ENSIS 3015 AJ ASLUL. Sistema de corte por l\u00e1ser con automatizaci\u00f3n integrada. Cont\u00e1ctenos para una cotizaci\u00f3n.\" \/>\n<meta name=\"robots\" content=\"index, follow, max-snippet:-1, max-image-preview:large, max-video-preview:-1\" \/>\n<link rel=\"canonical\" href=\"https:\/\/metallab.eu\/es\/corte-por-laser\/\" \/>\n<meta property=\"og:locale\" content=\"es_ES\" \/>\n<meta property=\"og:type\" content=\"article\" \/>\n<meta property=\"og:title\" content=\"Corte por L\u00e1ser de Metales | Metallab\" \/>\n<meta property=\"og:description\" content=\"Corte por l\u00e1ser AMADA LASER ENSIS 3015 AJ ASLUL. Sistema de corte por l\u00e1ser con automatizaci\u00f3n integrada. Cont\u00e1ctenos para una cotizaci\u00f3n.\" \/>\n<meta property=\"og:url\" content=\"https:\/\/metallab.eu\/es\/corte-por-laser\/\" \/>\n<meta property=\"og:site_name\" content=\"Metallab\" \/>\n<meta property=\"article:modified_time\" content=\"2024-11-21T09:04:47+00:00\" \/>\n<meta property=\"og:image\" content=\"https:\/\/metallab.eu\/wp-content\/uploads\/2024\/10\/taglio-laser-1-scaled.jpg\" \/>\n<meta name=\"twitter:card\" content=\"summary_large_image\" \/>\n<meta name=\"twitter:label1\" content=\"Tiempo de lectura\" \/>\n\t<meta name=\"twitter:data1\" content=\"1 minuto\" \/>\n<script type=\"application\/ld+json\" class=\"yoast-schema-graph\">{\"@context\":\"https:\\\/\\\/schema.org\",\"@graph\":[{\"@type\":\"WebPage\",\"@id\":\"https:\\\/\\\/metallab.eu\\\/es\\\/corte-por-laser\\\/\",\"url\":\"https:\\\/\\\/metallab.eu\\\/es\\\/corte-por-laser\\\/\",\"name\":\"Corte por L\u00e1ser de Metales | Metallab\",\"isPartOf\":{\"@id\":\"https:\\\/\\\/metallab.eu\\\/es\\\/#website\"},\"primaryImageOfPage\":{\"@id\":\"https:\\\/\\\/metallab.eu\\\/es\\\/corte-por-laser\\\/#primaryimage\"},\"image\":{\"@id\":\"https:\\\/\\\/metallab.eu\\\/es\\\/corte-por-laser\\\/#primaryimage\"},\"thumbnailUrl\":\"https:\\\/\\\/metallab.eu\\\/wp-content\\\/uploads\\\/2024\\\/10\\\/taglio-laser-1-scaled.jpg\",\"datePublished\":\"2024-09-30T15:39:01+00:00\",\"dateModified\":\"2024-11-21T09:04:47+00:00\",\"description\":\"Corte por l\u00e1ser AMADA LASER ENSIS 3015 AJ ASLUL. Sistema de corte por l\u00e1ser con automatizaci\u00f3n integrada. Cont\u00e1ctenos para una cotizaci\u00f3n.\",\"breadcrumb\":{\"@id\":\"https:\\\/\\\/metallab.eu\\\/es\\\/corte-por-laser\\\/#breadcrumb\"},\"inLanguage\":\"es\",\"potentialAction\":[{\"@type\":\"ReadAction\",\"target\":[\"https:\\\/\\\/metallab.eu\\\/es\\\/corte-por-laser\\\/\"]}]},{\"@type\":\"ImageObject\",\"inLanguage\":\"es\",\"@id\":\"https:\\\/\\\/metallab.eu\\\/es\\\/corte-por-laser\\\/#primaryimage\",\"url\":\"https:\\\/\\\/metallab.eu\\\/wp-content\\\/uploads\\\/2024\\\/10\\\/taglio-laser-1-scaled.jpg\",\"contentUrl\":\"https:\\\/\\\/metallab.eu\\\/wp-content\\\/uploads\\\/2024\\\/10\\\/taglio-laser-1-scaled.jpg\"},{\"@type\":\"BreadcrumbList\",\"@id\":\"https:\\\/\\\/metallab.eu\\\/es\\\/corte-por-laser\\\/#breadcrumb\",\"itemListElement\":[{\"@type\":\"ListItem\",\"position\":1,\"name\":\"Home\",\"item\":\"https:\\\/\\\/metallab.eu\\\/es\\\/\"},{\"@type\":\"ListItem\",\"position\":2,\"name\":\"Corte por l\u00e1ser\"}]},{\"@type\":\"WebSite\",\"@id\":\"https:\\\/\\\/metallab.eu\\\/es\\\/#website\",\"url\":\"https:\\\/\\\/metallab.eu\\\/es\\\/\",\"name\":\"Metal Lab\",\"description\":\"\",\"publisher\":{\"@id\":\"https:\\\/\\\/metallab.eu\\\/es\\\/#organization\"},\"potentialAction\":[{\"@type\":\"SearchAction\",\"target\":{\"@type\":\"EntryPoint\",\"urlTemplate\":\"https:\\\/\\\/metallab.eu\\\/es\\\/?s={search_term_string}\"},\"query-input\":{\"@type\":\"PropertyValueSpecification\",\"valueRequired\":true,\"valueName\":\"search_term_string\"}}],\"inLanguage\":\"es\"},{\"@type\":\"Organization\",\"@id\":\"https:\\\/\\\/metallab.eu\\\/es\\\/#organization\",\"name\":\"Metal Lab\",\"url\":\"https:\\\/\\\/metallab.eu\\\/es\\\/\",\"logo\":{\"@type\":\"ImageObject\",\"inLanguage\":\"es\",\"@id\":\"https:\\\/\\\/metallab.eu\\\/es\\\/#\\\/schema\\\/logo\\\/image\\\/\",\"url\":\"https:\\\/\\\/metallab.eu\\\/wp-content\\\/uploads\\\/2024\\\/01\\\/logo-metallab.png\",\"contentUrl\":\"https:\\\/\\\/metallab.eu\\\/wp-content\\\/uploads\\\/2024\\\/01\\\/logo-metallab.png\",\"width\":1744,\"height\":420,\"caption\":\"Metal Lab\"},\"image\":{\"@id\":\"https:\\\/\\\/metallab.eu\\\/es\\\/#\\\/schema\\\/logo\\\/image\\\/\"}}]}<\/script>\n<!-- \/ Yoast SEO plugin. -->","yoast_head_json":{"title":"Corte por L\u00e1ser de Metales | Metallab","description":"Corte por l\u00e1ser AMADA LASER ENSIS 3015 AJ ASLUL. Sistema de corte por l\u00e1ser con automatizaci\u00f3n integrada. Cont\u00e1ctenos para una cotizaci\u00f3n.","robots":{"index":"index","follow":"follow","max-snippet":"max-snippet:-1","max-image-preview":"max-image-preview:large","max-video-preview":"max-video-preview:-1"},"canonical":"https:\/\/metallab.eu\/es\/corte-por-laser\/","og_locale":"es_ES","og_type":"article","og_title":"Corte por L\u00e1ser de Metales | Metallab","og_description":"Corte por l\u00e1ser AMADA LASER ENSIS 3015 AJ ASLUL. Sistema de corte por l\u00e1ser con automatizaci\u00f3n integrada. Cont\u00e1ctenos para una cotizaci\u00f3n.","og_url":"https:\/\/metallab.eu\/es\/corte-por-laser\/","og_site_name":"Metallab","article_modified_time":"2024-11-21T09:04:47+00:00","og_image":[{"url":"https:\/\/metallab.eu\/wp-content\/uploads\/2024\/10\/taglio-laser-1-scaled.jpg","type":"","width":"","height":""}],"twitter_card":"summary_large_image","twitter_misc":{"Tiempo de lectura":"1 minuto"},"schema":{"@context":"https:\/\/schema.org","@graph":[{"@type":"WebPage","@id":"https:\/\/metallab.eu\/es\/corte-por-laser\/","url":"https:\/\/metallab.eu\/es\/corte-por-laser\/","name":"Corte por L\u00e1ser de Metales | Metallab","isPartOf":{"@id":"https:\/\/metallab.eu\/es\/#website"},"primaryImageOfPage":{"@id":"https:\/\/metallab.eu\/es\/corte-por-laser\/#primaryimage"},"image":{"@id":"https:\/\/metallab.eu\/es\/corte-por-laser\/#primaryimage"},"thumbnailUrl":"https:\/\/metallab.eu\/wp-content\/uploads\/2024\/10\/taglio-laser-1-scaled.jpg","datePublished":"2024-09-30T15:39:01+00:00","dateModified":"2024-11-21T09:04:47+00:00","description":"Corte por l\u00e1ser AMADA LASER ENSIS 3015 AJ ASLUL. Sistema de corte por l\u00e1ser con automatizaci\u00f3n integrada. Cont\u00e1ctenos para una cotizaci\u00f3n.","breadcrumb":{"@id":"https:\/\/metallab.eu\/es\/corte-por-laser\/#breadcrumb"},"inLanguage":"es","potentialAction":[{"@type":"ReadAction","target":["https:\/\/metallab.eu\/es\/corte-por-laser\/"]}]},{"@type":"ImageObject","inLanguage":"es","@id":"https:\/\/metallab.eu\/es\/corte-por-laser\/#primaryimage","url":"https:\/\/metallab.eu\/wp-content\/uploads\/2024\/10\/taglio-laser-1-scaled.jpg","contentUrl":"https:\/\/metallab.eu\/wp-content\/uploads\/2024\/10\/taglio-laser-1-scaled.jpg"},{"@type":"BreadcrumbList","@id":"https:\/\/metallab.eu\/es\/corte-por-laser\/#breadcrumb","itemListElement":[{"@type":"ListItem","position":1,"name":"Home","item":"https:\/\/metallab.eu\/es\/"},{"@type":"ListItem","position":2,"name":"Corte por l\u00e1ser"}]},{"@type":"WebSite","@id":"https:\/\/metallab.eu\/es\/#website","url":"https:\/\/metallab.eu\/es\/","name":"Metal Lab","description":"","publisher":{"@id":"https:\/\/metallab.eu\/es\/#organization"},"potentialAction":[{"@type":"SearchAction","target":{"@type":"EntryPoint","urlTemplate":"https:\/\/metallab.eu\/es\/?s={search_term_string}"},"query-input":{"@type":"PropertyValueSpecification","valueRequired":true,"valueName":"search_term_string"}}],"inLanguage":"es"},{"@type":"Organization","@id":"https:\/\/metallab.eu\/es\/#organization","name":"Metal Lab","url":"https:\/\/metallab.eu\/es\/","logo":{"@type":"ImageObject","inLanguage":"es","@id":"https:\/\/metallab.eu\/es\/#\/schema\/logo\/image\/","url":"https:\/\/metallab.eu\/wp-content\/uploads\/2024\/01\/logo-metallab.png","contentUrl":"https:\/\/metallab.eu\/wp-content\/uploads\/2024\/01\/logo-metallab.png","width":1744,"height":420,"caption":"Metal Lab"},"image":{"@id":"https:\/\/metallab.eu\/es\/#\/schema\/logo\/image\/"}}]}},"_links":{"self":[{"href":"https:\/\/metallab.eu\/es\/wp-json\/wp\/v2\/pages\/9292","targetHints":{"allow":["GET"]}}],"collection":[{"href":"https:\/\/metallab.eu\/es\/wp-json\/wp\/v2\/pages"}],"about":[{"href":"https:\/\/metallab.eu\/es\/wp-json\/wp\/v2\/types\/page"}],"author":[{"embeddable":true,"href":"https:\/\/metallab.eu\/es\/wp-json\/wp\/v2\/users\/1"}],"replies":[{"embeddable":true,"href":"https:\/\/metallab.eu\/es\/wp-json\/wp\/v2\/comments?post=9292"}],"version-history":[{"count":4,"href":"https:\/\/metallab.eu\/es\/wp-json\/wp\/v2\/pages\/9292\/revisions"}],"predecessor-version":[{"id":9569,"href":"https:\/\/metallab.eu\/es\/wp-json\/wp\/v2\/pages\/9292\/revisions\/9569"}],"wp:attachment":[{"href":"https:\/\/metallab.eu\/es\/wp-json\/wp\/v2\/media?parent=9292"}],"curies":[{"name":"wp","href":"https:\/\/api.w.org\/{rel}","templated":true}]}}