{"id":9284,"date":"2024-10-09T09:42:28","date_gmt":"2024-10-09T07:42:28","guid":{"rendered":"https:\/\/metallab.eu\/scarica-la-brochure\/"},"modified":"2024-11-21T15:12:44","modified_gmt":"2024-11-21T14:12:44","slug":"descargar-folleto","status":"publish","type":"page","link":"https:\/\/metallab.eu\/es\/descargar-folleto\/","title":{"rendered":"Descargar folleto"},"content":{"rendered":"\t\t<div data-elementor-type=\"wp-page\" data-elementor-id=\"9284\" class=\"elementor elementor-9284 elementor-8938\">\n\t\t\t\t<div class=\"elementor-element elementor-element-99b79ca e-flex e-con-boxed e-con e-parent\" data-id=\"99b79ca\" data-element_type=\"container\" data-e-type=\"container\">\n\t\t\t\t\t<div class=\"e-con-inner\">\n\t\t\t\t<div class=\"elementor-element elementor-element-c6d109a elementor-widget elementor-widget-html\" data-id=\"c6d109a\" data-element_type=\"widget\" data-e-type=\"widget\" data-widget_type=\"html.default\">\n\t\t\t\t<div class=\"elementor-widget-container\">\n\t\t\t\t\t<style>.breadcroumb-area{\nbackground-image: url(\"\/wp-content\/uploads\/2024\/10\/punzonatrice-lavo-scaled.jpg\");\nbackground-size:cover;\n}<\/style>\t\t\t\t<\/div>\n\t\t\t\t<\/div>\n\t\t\t\t<div class=\"elementor-element elementor-element-e485a5e elementor-widget elementor-widget-text-editor\" data-id=\"e485a5e\" data-element_type=\"widget\" data-e-type=\"widget\" data-widget_type=\"text-editor.default\">\n\t\t\t\t<div class=\"elementor-widget-container\">\n\t\t\t\t\t\t\t\t\t<p>Para descargar nuestro folleto, complete el siguiente formulario. Los campos marcados con un asterisco (*) son obligatorios. Recibir\u00e1s el folleto en la direcci\u00f3n de correo electr\u00f3nico que ingresaste.<\/p>\t\t\t\t\t\t\t\t<\/div>\n\t\t\t\t<\/div>\n\t\t\t\t<div class=\"elementor-element elementor-element-cd196ec elementor-widget elementor-widget-shortcode\" data-id=\"cd196ec\" data-element_type=\"widget\" data-e-type=\"widget\" data-widget_type=\"shortcode.default\">\n\t\t\t\t<div class=\"elementor-widget-container\">\n\t\t\t\t\t\t\t<div class=\"elementor-shortcode\"><div class=\"frm_forms  with_frm_style frm_style_stile-di-formidable\" id=\"frm_form_11_container\" data-token=\"ca4e6ec3e606abce57bc54e71075c715\">\n<form enctype=\"multipart\/form-data\" method=\"post\" class=\"frm-show-form  frm_js_validate  frm_ajax_submit  frm_pro_form \" id=\"form_scarica-brochure5\" data-token=\"ca4e6ec3e606abce57bc54e71075c715\">\n<div class=\"frm_form_fields \">\n<fieldset>\n<legend class=\"frm_screen_reader\">Scarica brochure ES<\/legend>\r\n\r\n<div class=\"frm_fields_container\">\n<input type=\"hidden\" name=\"frm_action\" value=\"create\" \/>\n<input type=\"hidden\" name=\"form_id\" value=\"11\" \/>\n<input type=\"hidden\" name=\"frm_hide_fields_11\" id=\"frm_hide_fields_11\" value=\"\" \/>\n<input type=\"hidden\" name=\"form_key\" value=\"scarica-brochure5\" \/>\n<input type=\"hidden\" name=\"item_meta[0]\" value=\"\" \/>\n<input type=\"hidden\" id=\"frm_submit_entry_11\" name=\"frm_submit_entry_11\" value=\"818799e8b4\" \/><input type=\"hidden\" name=\"_wp_http_referer\" value=\"\/es\/wp-json\/wp\/v2\/pages\/9284\" \/><div id=\"frm_field_72_container\" class=\"frm_form_field form-field  frm_required_field frm_none_container\">\r\n\t<label for=\"field_rt6xe5\" id=\"field_rt6xe5_label\" class=\"frm_primary_label\">Nombre y apellido *\r\n\t\t<span class=\"frm_required\" aria-hidden=\"true\">*<\/span>\r\n\t<\/label>\r\n\t<input  type=\"text\" id=\"field_rt6xe5\" name=\"item_meta[72]\" value=\"\"  placeholder=\"Nombre y apellido *\" data-reqmsg=\"Este campo no puede estar vac\u00edo.\" aria-required=\"true\" data-invmsg=\"Nombre y apellido * non \u00e8 valido\" aria-invalid=\"false\"   \/>\r\n\t\r\n\t\r\n<\/div>\n<div id=\"frm_field_73_container\" class=\"frm_form_field form-field  frm_required_field frm_none_container\">\r\n\t<label for=\"field_wtc0j5\" id=\"field_wtc0j5_label\" class=\"frm_primary_label\">Correo electr\u00f3nico *\r\n\t\t<span class=\"frm_required\" aria-hidden=\"true\">*<\/span>\r\n\t<\/label>\r\n\t<input type=\"email\" id=\"field_wtc0j5\" name=\"item_meta[73]\" value=\"\"  placeholder=\"Correo electr\u00f3nico *\" data-reqmsg=\"Este campo no puede estar vac\u00edo.\" aria-required=\"true\" data-invmsg=\"Este campo no es v\u00e1lido.\" aria-invalid=\"false\"  \/>\r\n\t\r\n\t\r\n<\/div>\n<div id=\"frm_field_74_container\" class=\"frm_form_field form-field  frm_required_field frm_none_container vertical_radio\">\r\n\t<div  id=\"field_igzra5_label\" class=\"frm_primary_label\">\r\n\t\t<span class=\"frm_required\" aria-hidden=\"true\">*<\/span>\r\n\t<\/div>\r\n\t<div class=\"frm_opt_container\" aria-labelledby=\"field_igzra5_label\" role=\"group\">\t\t<div class=\"frm_checkbox\" id=\"frm_checkbox_74-0\">\t\t\t<label  for=\"field_igzra5-0\">\n\t\t\t<input type=\"checkbox\" name=\"item_meta[74][]\" id=\"field_igzra5-0\" value=\"He le\u00eddo y acepto los t\u00e9rminos de la &lt;a href=&quot;\/es\/privacy-policy&quot;&gt;pol\u00edtica de privacidad&lt;\/a&gt;\"  data-reqmsg=\"Este campo no puede estar vac\u00edo.\" data-invmsg=\"Este campo no es v\u00e1lido\"   aria-required=\"true\"  \/> He le\u00eddo y acepto los t\u00e9rminos de la <a href=\"\/es\/privacy-policy\">pol\u00edtica de privacidad<\/a><\/label><\/div>\n<\/div>\r\n\t\r\n\t\r\n<\/div>\n<div id=\"frm_field_75_container\" class=\"frm_form_field form-field  frm_none_container\">\r\n\t<label for=\"g-recaptcha-response\" id=\"field_y2n0z5_label\" class=\"frm_primary_label\">Captcha\r\n\t\t<span class=\"frm_required\" aria-hidden=\"true\"><\/span>\r\n\t<\/label>\r\n\t<div  id=\"field_y2n0z5\" class=\"frm-g-recaptcha\" data-sitekey=\"6LeSm3wqAAAAAHwXY-MlWzbvuflgACoDhiZbJKa8\" data-size=\"invisible\" data-theme=\"light\"><\/div>\r\n\t\r\n\t\r\n<\/div>\n<div id=\"frm_field_76_container\" class=\"frm_form_field form-field \">\r\n\t<div class=\"frm_submit frm_flex\">\r\n<button class=\"frm_button_submit frm_final_submit\" type=\"submit\"   formnovalidate=\"formnovalidate\">Enviar<\/button>\r\n\r\n\r\n\r\n<\/div>\r\n<\/div>\n\t<input type=\"hidden\" name=\"item_key\" value=\"\" \/>\n\t\t\t<div id=\"frm_field_77_container\">\n\t\t\t<label for=\"field_mcjl5\" >\n\t\t\t\tSi eres humano, deja este campo en blanco.\t\t\t<\/label>\n\t\t\t<input  id=\"field_mcjl5\" type=\"text\" class=\"frm_form_field form-field frm_verify\" name=\"item_meta[77]\" value=\"\"  \/>\n\t\t<\/div>\n\t\t<input name=\"frm_state\" type=\"hidden\" value=\"oytJD26IIkgSJMAFVWZSh1Oj80JwizncvC3uEWZO7dFdNYNKrBY\/fi8LCNjA6sO7\" \/><\/div>\n<\/fieldset>\n<\/div>\n\n<\/form>\n<\/div>\n<\/div>\n\t\t\t\t\t\t<\/div>\n\t\t\t\t<\/div>\n\t\t\t\t\t<\/div>\n\t\t\t\t<\/div>\n\t\t\t\t<\/div>\n\t\t","protected":false},"excerpt":{"rendered":"<p>Para descargar nuestro folleto, complete el siguiente formulario. Los campos marcados con un asterisco (*) son obligatorios. Recibir\u00e1s el folleto en la direcci\u00f3n de correo electr\u00f3nico que ingresaste.<\/p>\n","protected":false},"author":1,"featured_media":0,"parent":0,"menu_order":0,"comment_status":"closed","ping_status":"closed","template":"","meta":{"footnotes":""},"class_list":["post-9284","page","type-page","status-publish","hentry"],"yoast_head":"<!-- This site is optimized with the Yoast SEO plugin v27.3 - https:\/\/yoast.com\/product\/yoast-seo-wordpress\/ -->\n<title>Descargar folleto | Metallab<\/title>\n<meta name=\"robots\" content=\"index, follow, max-snippet:-1, max-image-preview:large, max-video-preview:-1\" \/>\n<link rel=\"canonical\" href=\"https:\/\/metallab.eu\/es\/descargar-folleto\/\" \/>\n<meta property=\"og:locale\" content=\"es_ES\" \/>\n<meta property=\"og:type\" content=\"article\" \/>\n<meta property=\"og:title\" content=\"Descargar folleto | Metallab\" \/>\n<meta property=\"og:description\" content=\"Para descargar nuestro folleto, complete el siguiente formulario. Los campos marcados con un asterisco (*) son obligatorios. Recibir\u00e1s el folleto en la direcci\u00f3n de correo electr\u00f3nico que ingresaste.\" \/>\n<meta property=\"og:url\" content=\"https:\/\/metallab.eu\/es\/descargar-folleto\/\" \/>\n<meta property=\"og:site_name\" content=\"Metallab\" \/>\n<meta property=\"article:modified_time\" content=\"2024-11-21T14:12:44+00:00\" \/>\n<meta property=\"og:image\" content=\"https:\/\/metallab.eu\/wp-content\/uploads\/2024\/01\/logo-metallab.png\" \/>\n\t<meta property=\"og:image:width\" content=\"1744\" \/>\n\t<meta property=\"og:image:height\" content=\"420\" \/>\n\t<meta property=\"og:image:type\" content=\"image\/png\" \/>\n<meta name=\"twitter:card\" content=\"summary_large_image\" \/>\n<meta name=\"twitter:label1\" content=\"Tiempo de lectura\" \/>\n\t<meta name=\"twitter:data1\" content=\"1 minuto\" \/>\n<script type=\"application\/ld+json\" class=\"yoast-schema-graph\">{\"@context\":\"https:\\\/\\\/schema.org\",\"@graph\":[{\"@type\":\"WebPage\",\"@id\":\"https:\\\/\\\/metallab.eu\\\/es\\\/descargar-folleto\\\/\",\"url\":\"https:\\\/\\\/metallab.eu\\\/es\\\/descargar-folleto\\\/\",\"name\":\"Descargar folleto | Metallab\",\"isPartOf\":{\"@id\":\"https:\\\/\\\/metallab.eu\\\/es\\\/#website\"},\"datePublished\":\"2024-10-09T07:42:28+00:00\",\"dateModified\":\"2024-11-21T14:12:44+00:00\",\"breadcrumb\":{\"@id\":\"https:\\\/\\\/metallab.eu\\\/es\\\/descargar-folleto\\\/#breadcrumb\"},\"inLanguage\":\"es\",\"potentialAction\":[{\"@type\":\"ReadAction\",\"target\":[\"https:\\\/\\\/metallab.eu\\\/es\\\/descargar-folleto\\\/\"]}]},{\"@type\":\"BreadcrumbList\",\"@id\":\"https:\\\/\\\/metallab.eu\\\/es\\\/descargar-folleto\\\/#breadcrumb\",\"itemListElement\":[{\"@type\":\"ListItem\",\"position\":1,\"name\":\"Home\",\"item\":\"https:\\\/\\\/metallab.eu\\\/es\\\/\"},{\"@type\":\"ListItem\",\"position\":2,\"name\":\"Descargar folleto\"}]},{\"@type\":\"WebSite\",\"@id\":\"https:\\\/\\\/metallab.eu\\\/es\\\/#website\",\"url\":\"https:\\\/\\\/metallab.eu\\\/es\\\/\",\"name\":\"Metal Lab\",\"description\":\"\",\"publisher\":{\"@id\":\"https:\\\/\\\/metallab.eu\\\/es\\\/#organization\"},\"potentialAction\":[{\"@type\":\"SearchAction\",\"target\":{\"@type\":\"EntryPoint\",\"urlTemplate\":\"https:\\\/\\\/metallab.eu\\\/es\\\/?s={search_term_string}\"},\"query-input\":{\"@type\":\"PropertyValueSpecification\",\"valueRequired\":true,\"valueName\":\"search_term_string\"}}],\"inLanguage\":\"es\"},{\"@type\":\"Organization\",\"@id\":\"https:\\\/\\\/metallab.eu\\\/es\\\/#organization\",\"name\":\"Metal Lab\",\"url\":\"https:\\\/\\\/metallab.eu\\\/es\\\/\",\"logo\":{\"@type\":\"ImageObject\",\"inLanguage\":\"es\",\"@id\":\"https:\\\/\\\/metallab.eu\\\/es\\\/#\\\/schema\\\/logo\\\/image\\\/\",\"url\":\"https:\\\/\\\/metallab.eu\\\/wp-content\\\/uploads\\\/2024\\\/01\\\/logo-metallab.png\",\"contentUrl\":\"https:\\\/\\\/metallab.eu\\\/wp-content\\\/uploads\\\/2024\\\/01\\\/logo-metallab.png\",\"width\":1744,\"height\":420,\"caption\":\"Metal Lab\"},\"image\":{\"@id\":\"https:\\\/\\\/metallab.eu\\\/es\\\/#\\\/schema\\\/logo\\\/image\\\/\"}}]}<\/script>\n<!-- \/ Yoast SEO plugin. -->","yoast_head_json":{"title":"Descargar folleto | Metallab","robots":{"index":"index","follow":"follow","max-snippet":"max-snippet:-1","max-image-preview":"max-image-preview:large","max-video-preview":"max-video-preview:-1"},"canonical":"https:\/\/metallab.eu\/es\/descargar-folleto\/","og_locale":"es_ES","og_type":"article","og_title":"Descargar folleto | Metallab","og_description":"Para descargar nuestro folleto, complete el siguiente formulario. Los campos marcados con un asterisco (*) son obligatorios. Recibir\u00e1s el folleto en la direcci\u00f3n de correo electr\u00f3nico que ingresaste.","og_url":"https:\/\/metallab.eu\/es\/descargar-folleto\/","og_site_name":"Metallab","article_modified_time":"2024-11-21T14:12:44+00:00","og_image":[{"width":1744,"height":420,"url":"https:\/\/metallab.eu\/wp-content\/uploads\/2024\/01\/logo-metallab.png","type":"image\/png"}],"twitter_card":"summary_large_image","twitter_misc":{"Tiempo de lectura":"1 minuto"},"schema":{"@context":"https:\/\/schema.org","@graph":[{"@type":"WebPage","@id":"https:\/\/metallab.eu\/es\/descargar-folleto\/","url":"https:\/\/metallab.eu\/es\/descargar-folleto\/","name":"Descargar folleto | Metallab","isPartOf":{"@id":"https:\/\/metallab.eu\/es\/#website"},"datePublished":"2024-10-09T07:42:28+00:00","dateModified":"2024-11-21T14:12:44+00:00","breadcrumb":{"@id":"https:\/\/metallab.eu\/es\/descargar-folleto\/#breadcrumb"},"inLanguage":"es","potentialAction":[{"@type":"ReadAction","target":["https:\/\/metallab.eu\/es\/descargar-folleto\/"]}]},{"@type":"BreadcrumbList","@id":"https:\/\/metallab.eu\/es\/descargar-folleto\/#breadcrumb","itemListElement":[{"@type":"ListItem","position":1,"name":"Home","item":"https:\/\/metallab.eu\/es\/"},{"@type":"ListItem","position":2,"name":"Descargar folleto"}]},{"@type":"WebSite","@id":"https:\/\/metallab.eu\/es\/#website","url":"https:\/\/metallab.eu\/es\/","name":"Metal Lab","description":"","publisher":{"@id":"https:\/\/metallab.eu\/es\/#organization"},"potentialAction":[{"@type":"SearchAction","target":{"@type":"EntryPoint","urlTemplate":"https:\/\/metallab.eu\/es\/?s={search_term_string}"},"query-input":{"@type":"PropertyValueSpecification","valueRequired":true,"valueName":"search_term_string"}}],"inLanguage":"es"},{"@type":"Organization","@id":"https:\/\/metallab.eu\/es\/#organization","name":"Metal Lab","url":"https:\/\/metallab.eu\/es\/","logo":{"@type":"ImageObject","inLanguage":"es","@id":"https:\/\/metallab.eu\/es\/#\/schema\/logo\/image\/","url":"https:\/\/metallab.eu\/wp-content\/uploads\/2024\/01\/logo-metallab.png","contentUrl":"https:\/\/metallab.eu\/wp-content\/uploads\/2024\/01\/logo-metallab.png","width":1744,"height":420,"caption":"Metal Lab"},"image":{"@id":"https:\/\/metallab.eu\/es\/#\/schema\/logo\/image\/"}}]}},"_links":{"self":[{"href":"https:\/\/metallab.eu\/es\/wp-json\/wp\/v2\/pages\/9284","targetHints":{"allow":["GET"]}}],"collection":[{"href":"https:\/\/metallab.eu\/es\/wp-json\/wp\/v2\/pages"}],"about":[{"href":"https:\/\/metallab.eu\/es\/wp-json\/wp\/v2\/types\/page"}],"author":[{"embeddable":true,"href":"https:\/\/metallab.eu\/es\/wp-json\/wp\/v2\/users\/1"}],"replies":[{"embeddable":true,"href":"https:\/\/metallab.eu\/es\/wp-json\/wp\/v2\/comments?post=9284"}],"version-history":[{"count":7,"href":"https:\/\/metallab.eu\/es\/wp-json\/wp\/v2\/pages\/9284\/revisions"}],"predecessor-version":[{"id":9713,"href":"https:\/\/metallab.eu\/es\/wp-json\/wp\/v2\/pages\/9284\/revisions\/9713"}],"wp:attachment":[{"href":"https:\/\/metallab.eu\/es\/wp-json\/wp\/v2\/media?parent=9284"}],"curies":[{"name":"wp","href":"https:\/\/api.w.org\/{rel}","templated":true}]}}