{"id":9260,"date":"2024-09-30T17:39:27","date_gmt":"2024-09-30T15:39:27","guid":{"rendered":"https:\/\/metallab.eu\/laser-tubo\/"},"modified":"2024-11-21T09:39:10","modified_gmt":"2024-11-21T08:39:10","slug":"corte-de-tubos-por-laser","status":"publish","type":"page","link":"https:\/\/metallab.eu\/es\/corte-de-tubos-por-laser\/","title":{"rendered":"Corte de tubos por l\u00e1ser"},"content":{"rendered":"\t\t<div data-elementor-type=\"wp-page\" data-elementor-id=\"9260\" class=\"elementor elementor-9260 elementor-8413\">\n\t\t\t\t\t\t<section class=\"elementor-section elementor-top-section elementor-element elementor-element-86a128f elementor-section-boxed elementor-section-height-default elementor-section-height-default\" data-id=\"86a128f\" data-element_type=\"section\" data-e-type=\"section\" data-settings=\"{&quot;background_background&quot;:&quot;classic&quot;}\">\n\t\t\t\t\t\t<div class=\"elementor-container elementor-column-gap-default\">\n\t\t\t\t\t<div class=\"elementor-column elementor-col-50 elementor-top-column elementor-element elementor-element-6c8b376\" data-id=\"6c8b376\" data-element_type=\"column\" data-e-type=\"column\">\n\t\t\t<div class=\"elementor-widget-wrap elementor-element-populated\">\n\t\t\t\t\t\t<div class=\"elementor-element elementor-element-ea234b3 elementor-widget elementor-widget-vektor_section_title\" data-id=\"ea234b3\" data-element_type=\"widget\" data-e-type=\"widget\" data-widget_type=\"vektor_section_title.default\">\n\t\t\t\t<div class=\"elementor-widget-container\">\n\t\t\t\t\t\r\n        <div class=\"container\">\r\n            <div class=\"row\">\r\n                <div class=\"vektor-section-title-wrapper\">\r\n                    <div class=\"vektor-section-title-content\">\r\n\r\n                                                    \r\n                                <span class=\"section-small-title  section-subtitle-padding-left\">\r\n\r\n                                                                            <div class=\"section-stitle-line\"><\/div>\r\n                                    \r\n                                    \r\n                                    <div class=\"stitle-box\">l\u00e1ser tubo<\/div>\r\n                                <\/span>\r\n                                                    \r\n                                                    <h2 class=\"vektor-section-title\">\r\n                                Corte l\u00e1ser tubo TRULASER TUBE 7000                            <\/h2>\r\n                        \r\n                                                                                    <div class=\"section-description\">\r\n                                    Sistema avanzado para el corte por l\u00e1ser de tubos redondos, cuadrados, rectangulares y perfiles abiertos o cerrados. Capaz de cortar tubos redondos con di\u00e1metros variables, manteniendo las tolerancias estrechas y los bordes limpios.                                <\/div>\r\n                                                                        <\/div>\r\n                <\/div>\r\n            <\/div>\r\n        <\/div>\r\n\t\t\t\t<\/div>\n\t\t\t\t<\/div>\n\t\t\t\t\t<\/div>\n\t\t<\/div>\n\t\t\t\t<div class=\"elementor-column elementor-col-50 elementor-top-column elementor-element elementor-element-1342f21\" data-id=\"1342f21\" data-element_type=\"column\" data-e-type=\"column\">\n\t\t\t<div class=\"elementor-widget-wrap elementor-element-populated\">\n\t\t\t\t\t\t<div class=\"elementor-element elementor-element-eff04c8 elementor-widget elementor-widget-html\" data-id=\"eff04c8\" data-element_type=\"widget\" data-e-type=\"widget\" data-widget_type=\"html.default\">\n\t\t\t\t<div class=\"elementor-widget-container\">\n\t\t\t\t\t<style>.breadcroumb-area{\nbackground-image: url(\"\/wp-content\/uploads\/2024\/09\/taglio-laser.jpg\");\nbackground-size:cover;\n}<\/style>\t\t\t\t<\/div>\n\t\t\t\t<\/div>\n\t\t\t\t<div class=\"elementor-element elementor-element-7ee1d64 elementor-widget elementor-widget-vektor_about_image\" data-id=\"7ee1d64\" data-element_type=\"widget\" data-e-type=\"widget\" data-widget_type=\"vektor_about_image.default\">\n\t\t\t\t<div class=\"elementor-widget-container\">\n\t\t\t\t\t\r\n        <script>\r\n\t\t\tjQuery(document).ready(function($) {\r\n\t\t\t\t \"use strict\";\r\n\t\t\t\t$(\".timer\").countTo();\r\n\t\t\t\t$(\".count-process\").appear(function() {\r\n\t\t\t\t    $(\".timer\").countTo();\r\n\t\t\t\t}, {\r\n\t\t\t\t    accY: -200\r\n\t\t\t\t});\r\n\t\t\t});\r\n\t\t<\/script>\r\n                <div class=\"about-image-wrapper\">\r\n            <div class=\"container\">\r\n                <div class=\"about-image-item\">\r\n                    <div class=\"about-img-box abbox1\"><\/div>\r\n                    <div class=\"about-img-box abbox2\"><\/div>\r\n\r\n                    \r\n                    \r\n                    \r\n                    <img fetchpriority=\"high\" decoding=\"async\" width=\"768\" height=\"580\" src=\"https:\/\/metallab.eu\/wp-content\/uploads\/2024\/10\/taglio-laser-tubi.jpg\" class=\"attachment-full size-full\" alt=\"\" srcset=\"https:\/\/metallab.eu\/wp-content\/uploads\/2024\/10\/taglio-laser-tubi.jpg 768w, https:\/\/metallab.eu\/wp-content\/uploads\/2024\/10\/taglio-laser-tubi-300x227.jpg 300w\" sizes=\"(max-width: 768px) 100vw, 768px\" \/>\r\n                    \r\n                                                                \r\n                    \r\n                <\/div>\r\n            <\/div>\r\n        <\/div>\r\n\t\t\t\t<\/div>\n\t\t\t\t<\/div>\n\t\t\t\t\t<\/div>\n\t\t<\/div>\n\t\t\t\t\t<\/div>\n\t\t<\/section>\n\t\t\t\t<\/div>\n\t\t","protected":false},"excerpt":{"rendered":"<p>l\u00e1ser tubo Corte l\u00e1ser tubo TRULASER TUBE 7000 Sistema avanzado para el corte por l\u00e1ser de tubos redondos, cuadrados, rectangulares y perfiles abiertos o cerrados. Capaz de cortar tubos redondos con di\u00e1metros variables, manteniendo las tolerancias estrechas y los bordes limpios.<\/p>\n","protected":false},"author":1,"featured_media":0,"parent":0,"menu_order":0,"comment_status":"closed","ping_status":"closed","template":"","meta":{"footnotes":""},"class_list":["post-9260","page","type-page","status-publish","hentry"],"yoast_head":"<!-- This site is optimized with the Yoast SEO plugin v27.3 - https:\/\/yoast.com\/product\/yoast-seo-wordpress\/ -->\n<title>Corte por L\u00e1ser de Tubos TRULASER TUBE 7000 | Metallab<\/title>\n<meta name=\"description\" content=\"Sistema avanzado de corte por l\u00e1ser de tubos redondos, cuadrados, rectangulares y de perfil abierto o cerrado. Capaz de cortar tubos redondos con di\u00e1metros variables, manteniendo tolerancias ajustadas y bordes limpios.\" \/>\n<meta name=\"robots\" content=\"index, follow, max-snippet:-1, max-image-preview:large, max-video-preview:-1\" \/>\n<link rel=\"canonical\" href=\"https:\/\/metallab.eu\/es\/corte-de-tubos-por-laser\/\" \/>\n<meta property=\"og:locale\" content=\"es_ES\" \/>\n<meta property=\"og:type\" content=\"article\" \/>\n<meta property=\"og:title\" content=\"Corte por L\u00e1ser de Tubos TRULASER TUBE 7000 | Metallab\" \/>\n<meta property=\"og:description\" content=\"Sistema avanzado de corte por l\u00e1ser de tubos redondos, cuadrados, rectangulares y de perfil abierto o cerrado. Capaz de cortar tubos redondos con di\u00e1metros variables, manteniendo tolerancias ajustadas y bordes limpios.\" \/>\n<meta property=\"og:url\" content=\"https:\/\/metallab.eu\/es\/corte-de-tubos-por-laser\/\" \/>\n<meta property=\"og:site_name\" content=\"Metallab\" \/>\n<meta property=\"article:modified_time\" content=\"2024-11-21T08:39:10+00:00\" \/>\n<meta property=\"og:image\" content=\"https:\/\/metallab.eu\/wp-content\/uploads\/2024\/10\/taglio-laser-tubi.jpg\" \/>\n<meta name=\"twitter:card\" content=\"summary_large_image\" \/>\n<meta name=\"twitter:label1\" content=\"Tiempo de lectura\" \/>\n\t<meta name=\"twitter:data1\" content=\"1 minuto\" \/>\n<script type=\"application\/ld+json\" class=\"yoast-schema-graph\">{\"@context\":\"https:\\\/\\\/schema.org\",\"@graph\":[{\"@type\":\"WebPage\",\"@id\":\"https:\\\/\\\/metallab.eu\\\/es\\\/corte-de-tubos-por-laser\\\/\",\"url\":\"https:\\\/\\\/metallab.eu\\\/es\\\/corte-de-tubos-por-laser\\\/\",\"name\":\"Corte por L\u00e1ser de Tubos TRULASER TUBE 7000 | Metallab\",\"isPartOf\":{\"@id\":\"https:\\\/\\\/metallab.eu\\\/es\\\/#website\"},\"primaryImageOfPage\":{\"@id\":\"https:\\\/\\\/metallab.eu\\\/es\\\/corte-de-tubos-por-laser\\\/#primaryimage\"},\"image\":{\"@id\":\"https:\\\/\\\/metallab.eu\\\/es\\\/corte-de-tubos-por-laser\\\/#primaryimage\"},\"thumbnailUrl\":\"https:\\\/\\\/metallab.eu\\\/wp-content\\\/uploads\\\/2024\\\/10\\\/taglio-laser-tubi.jpg\",\"datePublished\":\"2024-09-30T15:39:27+00:00\",\"dateModified\":\"2024-11-21T08:39:10+00:00\",\"description\":\"Sistema avanzado de corte por l\u00e1ser de tubos redondos, cuadrados, rectangulares y de perfil abierto o cerrado. Capaz de cortar tubos redondos con di\u00e1metros variables, manteniendo tolerancias ajustadas y bordes limpios.\",\"breadcrumb\":{\"@id\":\"https:\\\/\\\/metallab.eu\\\/es\\\/corte-de-tubos-por-laser\\\/#breadcrumb\"},\"inLanguage\":\"es\",\"potentialAction\":[{\"@type\":\"ReadAction\",\"target\":[\"https:\\\/\\\/metallab.eu\\\/es\\\/corte-de-tubos-por-laser\\\/\"]}]},{\"@type\":\"ImageObject\",\"inLanguage\":\"es\",\"@id\":\"https:\\\/\\\/metallab.eu\\\/es\\\/corte-de-tubos-por-laser\\\/#primaryimage\",\"url\":\"https:\\\/\\\/metallab.eu\\\/wp-content\\\/uploads\\\/2024\\\/10\\\/taglio-laser-tubi.jpg\",\"contentUrl\":\"https:\\\/\\\/metallab.eu\\\/wp-content\\\/uploads\\\/2024\\\/10\\\/taglio-laser-tubi.jpg\"},{\"@type\":\"BreadcrumbList\",\"@id\":\"https:\\\/\\\/metallab.eu\\\/es\\\/corte-de-tubos-por-laser\\\/#breadcrumb\",\"itemListElement\":[{\"@type\":\"ListItem\",\"position\":1,\"name\":\"Home\",\"item\":\"https:\\\/\\\/metallab.eu\\\/es\\\/\"},{\"@type\":\"ListItem\",\"position\":2,\"name\":\"Corte de tubos por l\u00e1ser\"}]},{\"@type\":\"WebSite\",\"@id\":\"https:\\\/\\\/metallab.eu\\\/es\\\/#website\",\"url\":\"https:\\\/\\\/metallab.eu\\\/es\\\/\",\"name\":\"Metal Lab\",\"description\":\"\",\"publisher\":{\"@id\":\"https:\\\/\\\/metallab.eu\\\/es\\\/#organization\"},\"potentialAction\":[{\"@type\":\"SearchAction\",\"target\":{\"@type\":\"EntryPoint\",\"urlTemplate\":\"https:\\\/\\\/metallab.eu\\\/es\\\/?s={search_term_string}\"},\"query-input\":{\"@type\":\"PropertyValueSpecification\",\"valueRequired\":true,\"valueName\":\"search_term_string\"}}],\"inLanguage\":\"es\"},{\"@type\":\"Organization\",\"@id\":\"https:\\\/\\\/metallab.eu\\\/es\\\/#organization\",\"name\":\"Metal Lab\",\"url\":\"https:\\\/\\\/metallab.eu\\\/es\\\/\",\"logo\":{\"@type\":\"ImageObject\",\"inLanguage\":\"es\",\"@id\":\"https:\\\/\\\/metallab.eu\\\/es\\\/#\\\/schema\\\/logo\\\/image\\\/\",\"url\":\"https:\\\/\\\/metallab.eu\\\/wp-content\\\/uploads\\\/2024\\\/01\\\/logo-metallab.png\",\"contentUrl\":\"https:\\\/\\\/metallab.eu\\\/wp-content\\\/uploads\\\/2024\\\/01\\\/logo-metallab.png\",\"width\":1744,\"height\":420,\"caption\":\"Metal Lab\"},\"image\":{\"@id\":\"https:\\\/\\\/metallab.eu\\\/es\\\/#\\\/schema\\\/logo\\\/image\\\/\"}}]}<\/script>\n<!-- \/ Yoast SEO plugin. -->","yoast_head_json":{"title":"Corte por L\u00e1ser de Tubos TRULASER TUBE 7000 | Metallab","description":"Sistema avanzado de corte por l\u00e1ser de tubos redondos, cuadrados, rectangulares y de perfil abierto o cerrado. Capaz de cortar tubos redondos con di\u00e1metros variables, manteniendo tolerancias ajustadas y bordes limpios.","robots":{"index":"index","follow":"follow","max-snippet":"max-snippet:-1","max-image-preview":"max-image-preview:large","max-video-preview":"max-video-preview:-1"},"canonical":"https:\/\/metallab.eu\/es\/corte-de-tubos-por-laser\/","og_locale":"es_ES","og_type":"article","og_title":"Corte por L\u00e1ser de Tubos TRULASER TUBE 7000 | Metallab","og_description":"Sistema avanzado de corte por l\u00e1ser de tubos redondos, cuadrados, rectangulares y de perfil abierto o cerrado. Capaz de cortar tubos redondos con di\u00e1metros variables, manteniendo tolerancias ajustadas y bordes limpios.","og_url":"https:\/\/metallab.eu\/es\/corte-de-tubos-por-laser\/","og_site_name":"Metallab","article_modified_time":"2024-11-21T08:39:10+00:00","og_image":[{"url":"https:\/\/metallab.eu\/wp-content\/uploads\/2024\/10\/taglio-laser-tubi.jpg","type":"","width":"","height":""}],"twitter_card":"summary_large_image","twitter_misc":{"Tiempo de lectura":"1 minuto"},"schema":{"@context":"https:\/\/schema.org","@graph":[{"@type":"WebPage","@id":"https:\/\/metallab.eu\/es\/corte-de-tubos-por-laser\/","url":"https:\/\/metallab.eu\/es\/corte-de-tubos-por-laser\/","name":"Corte por L\u00e1ser de Tubos TRULASER TUBE 7000 | Metallab","isPartOf":{"@id":"https:\/\/metallab.eu\/es\/#website"},"primaryImageOfPage":{"@id":"https:\/\/metallab.eu\/es\/corte-de-tubos-por-laser\/#primaryimage"},"image":{"@id":"https:\/\/metallab.eu\/es\/corte-de-tubos-por-laser\/#primaryimage"},"thumbnailUrl":"https:\/\/metallab.eu\/wp-content\/uploads\/2024\/10\/taglio-laser-tubi.jpg","datePublished":"2024-09-30T15:39:27+00:00","dateModified":"2024-11-21T08:39:10+00:00","description":"Sistema avanzado de corte por l\u00e1ser de tubos redondos, cuadrados, rectangulares y de perfil abierto o cerrado. Capaz de cortar tubos redondos con di\u00e1metros variables, manteniendo tolerancias ajustadas y bordes limpios.","breadcrumb":{"@id":"https:\/\/metallab.eu\/es\/corte-de-tubos-por-laser\/#breadcrumb"},"inLanguage":"es","potentialAction":[{"@type":"ReadAction","target":["https:\/\/metallab.eu\/es\/corte-de-tubos-por-laser\/"]}]},{"@type":"ImageObject","inLanguage":"es","@id":"https:\/\/metallab.eu\/es\/corte-de-tubos-por-laser\/#primaryimage","url":"https:\/\/metallab.eu\/wp-content\/uploads\/2024\/10\/taglio-laser-tubi.jpg","contentUrl":"https:\/\/metallab.eu\/wp-content\/uploads\/2024\/10\/taglio-laser-tubi.jpg"},{"@type":"BreadcrumbList","@id":"https:\/\/metallab.eu\/es\/corte-de-tubos-por-laser\/#breadcrumb","itemListElement":[{"@type":"ListItem","position":1,"name":"Home","item":"https:\/\/metallab.eu\/es\/"},{"@type":"ListItem","position":2,"name":"Corte de tubos por l\u00e1ser"}]},{"@type":"WebSite","@id":"https:\/\/metallab.eu\/es\/#website","url":"https:\/\/metallab.eu\/es\/","name":"Metal Lab","description":"","publisher":{"@id":"https:\/\/metallab.eu\/es\/#organization"},"potentialAction":[{"@type":"SearchAction","target":{"@type":"EntryPoint","urlTemplate":"https:\/\/metallab.eu\/es\/?s={search_term_string}"},"query-input":{"@type":"PropertyValueSpecification","valueRequired":true,"valueName":"search_term_string"}}],"inLanguage":"es"},{"@type":"Organization","@id":"https:\/\/metallab.eu\/es\/#organization","name":"Metal Lab","url":"https:\/\/metallab.eu\/es\/","logo":{"@type":"ImageObject","inLanguage":"es","@id":"https:\/\/metallab.eu\/es\/#\/schema\/logo\/image\/","url":"https:\/\/metallab.eu\/wp-content\/uploads\/2024\/01\/logo-metallab.png","contentUrl":"https:\/\/metallab.eu\/wp-content\/uploads\/2024\/01\/logo-metallab.png","width":1744,"height":420,"caption":"Metal Lab"},"image":{"@id":"https:\/\/metallab.eu\/es\/#\/schema\/logo\/image\/"}}]}},"_links":{"self":[{"href":"https:\/\/metallab.eu\/es\/wp-json\/wp\/v2\/pages\/9260","targetHints":{"allow":["GET"]}}],"collection":[{"href":"https:\/\/metallab.eu\/es\/wp-json\/wp\/v2\/pages"}],"about":[{"href":"https:\/\/metallab.eu\/es\/wp-json\/wp\/v2\/types\/page"}],"author":[{"embeddable":true,"href":"https:\/\/metallab.eu\/es\/wp-json\/wp\/v2\/users\/1"}],"replies":[{"embeddable":true,"href":"https:\/\/metallab.eu\/es\/wp-json\/wp\/v2\/comments?post=9260"}],"version-history":[{"count":4,"href":"https:\/\/metallab.eu\/es\/wp-json\/wp\/v2\/pages\/9260\/revisions"}],"predecessor-version":[{"id":9498,"href":"https:\/\/metallab.eu\/es\/wp-json\/wp\/v2\/pages\/9260\/revisions\/9498"}],"wp:attachment":[{"href":"https:\/\/metallab.eu\/es\/wp-json\/wp\/v2\/media?parent=9260"}],"curies":[{"name":"wp","href":"https:\/\/api.w.org\/{rel}","templated":true}]}}