{"id":9283,"date":"2024-10-09T09:42:28","date_gmt":"2024-10-09T07:42:28","guid":{"rendered":"https:\/\/metallab.eu\/scarica-la-brochure\/"},"modified":"2024-11-21T15:12:35","modified_gmt":"2024-11-21T14:12:35","slug":"broschuere-herunterladen","status":"publish","type":"page","link":"https:\/\/metallab.eu\/de\/broschuere-herunterladen\/","title":{"rendered":"Brosch\u00fcre herunterladen"},"content":{"rendered":"\t\t<div data-elementor-type=\"wp-page\" data-elementor-id=\"9283\" class=\"elementor elementor-9283 elementor-8938\">\n\t\t\t\t<div class=\"elementor-element elementor-element-99b79ca e-flex e-con-boxed e-con e-parent\" data-id=\"99b79ca\" data-element_type=\"container\" data-e-type=\"container\">\n\t\t\t\t\t<div class=\"e-con-inner\">\n\t\t\t\t<div class=\"elementor-element elementor-element-c6d109a elementor-widget elementor-widget-html\" data-id=\"c6d109a\" data-element_type=\"widget\" data-e-type=\"widget\" data-widget_type=\"html.default\">\n\t\t\t\t<div class=\"elementor-widget-container\">\n\t\t\t\t\t<style>.breadcroumb-area{\nbackground-image: url(\"\/wp-content\/uploads\/2024\/10\/punzonatrice-lavo-scaled.jpg\");\nbackground-size:cover;\n}<\/style>\t\t\t\t<\/div>\n\t\t\t\t<\/div>\n\t\t\t\t<div class=\"elementor-element elementor-element-e485a5e elementor-widget elementor-widget-text-editor\" data-id=\"e485a5e\" data-element_type=\"widget\" data-e-type=\"widget\" data-widget_type=\"text-editor.default\">\n\t\t\t\t<div class=\"elementor-widget-container\">\n\t\t\t\t\t\t\t\t\t<p>Um unsere Brosch\u00fcre herunterzuladen, f\u00fcllen Sie das untenstehende Formular aus. Mit einem Sternchen (*) gekennzeichnete Felder sind Pflichtfelder. Sie erhalten die Brosch\u00fcre an die von Ihnen angegebene E-Mail-Adresse.<\/p>\t\t\t\t\t\t\t\t<\/div>\n\t\t\t\t<\/div>\n\t\t\t\t<div class=\"elementor-element elementor-element-cd196ec elementor-widget elementor-widget-shortcode\" data-id=\"cd196ec\" data-element_type=\"widget\" data-e-type=\"widget\" data-widget_type=\"shortcode.default\">\n\t\t\t\t<div class=\"elementor-widget-container\">\n\t\t\t\t\t\t\t<div class=\"elementor-shortcode\"><div class=\"frm_forms  with_frm_style frm_style_stile-di-formidable\" id=\"frm_form_10_container\" data-token=\"ca4e6ec3e606abce57bc54e71075c715\">\n<form enctype=\"multipart\/form-data\" method=\"post\" class=\"frm-show-form  frm_js_validate  frm_ajax_submit  frm_pro_form \" id=\"form_scarica-brochure4\" data-token=\"ca4e6ec3e606abce57bc54e71075c715\">\n<div class=\"frm_form_fields \">\n<fieldset>\n<legend class=\"frm_screen_reader\">Scarica brochure DE<\/legend>\r\n\r\n<div class=\"frm_fields_container\">\n<input type=\"hidden\" name=\"frm_action\" value=\"create\" \/>\n<input type=\"hidden\" name=\"form_id\" value=\"10\" \/>\n<input type=\"hidden\" name=\"frm_hide_fields_10\" id=\"frm_hide_fields_10\" value=\"\" \/>\n<input type=\"hidden\" name=\"form_key\" value=\"scarica-brochure4\" \/>\n<input type=\"hidden\" name=\"item_meta[0]\" value=\"\" \/>\n<input type=\"hidden\" id=\"frm_submit_entry_10\" name=\"frm_submit_entry_10\" value=\"818799e8b4\" \/><input type=\"hidden\" name=\"_wp_http_referer\" value=\"\/de\/wp-json\/wp\/v2\/pages\/9283\" \/><div id=\"frm_field_67_container\" class=\"frm_form_field form-field  frm_required_field frm_none_container\">\r\n\t<label for=\"field_rt6xe4\" id=\"field_rt6xe4_label\" class=\"frm_primary_label\">Vor- und Nachname*\r\n\t\t<span class=\"frm_required\" aria-hidden=\"true\">*<\/span>\r\n\t<\/label>\r\n\t<input  type=\"text\" id=\"field_rt6xe4\" name=\"item_meta[67]\" value=\"\"  placeholder=\"Vor- und Nachname *\" data-reqmsg=\"Dieses Feld darf nicht leer sein.\" aria-required=\"true\" data-invmsg=\"Vor- und Nachname* non \u00e8 valido\" aria-invalid=\"false\"   \/>\r\n\t\r\n\t\r\n<\/div>\n<div id=\"frm_field_68_container\" class=\"frm_form_field form-field  frm_required_field frm_none_container\">\r\n\t<label for=\"field_wtc0j4\" id=\"field_wtc0j4_label\" class=\"frm_primary_label\">Email *\r\n\t\t<span class=\"frm_required\" aria-hidden=\"true\">*<\/span>\r\n\t<\/label>\r\n\t<input type=\"email\" id=\"field_wtc0j4\" name=\"item_meta[68]\" value=\"\"  placeholder=\"Email *\" data-reqmsg=\"Dieses Feld darf nicht leer sein.\" aria-required=\"true\" data-invmsg=\"Dieses Feld ist ung\u00fcltig.\" aria-invalid=\"false\"  \/>\r\n\t\r\n\t\r\n<\/div>\n<div id=\"frm_field_69_container\" class=\"frm_form_field form-field  frm_required_field frm_none_container vertical_radio\">\r\n\t<div  id=\"field_igzra4_label\" class=\"frm_primary_label\">\r\n\t\t<span class=\"frm_required\" aria-hidden=\"true\">*<\/span>\r\n\t<\/div>\r\n\t<div class=\"frm_opt_container\" aria-labelledby=\"field_igzra4_label\" role=\"group\">\t\t<div class=\"frm_checkbox\" id=\"frm_checkbox_69-0\">\t\t\t<label  for=\"field_igzra4-0\">\n\t\t\t<input type=\"checkbox\" name=\"item_meta[69][]\" id=\"field_igzra4-0\" value=\"Ich habe die Bedingungen der &lt;a href=&quot;\/de\/privacy-policy&quot;&gt;Datenschutzerkl\u00e4rung&lt;\/a&gt; gelesen und akzeptiere sie\"  data-reqmsg=\"Dieses Feld darf nicht leer sein.\" data-invmsg=\"Dieses Feld ist ung\u00fcltig\"   aria-required=\"true\"  \/> Ich habe die Bedingungen der <a href=\"\/de\/privacy-policy\">Datenschutzerkl\u00e4rung<\/a> gelesen und akzeptiere sie<\/label><\/div>\n<\/div>\r\n\t\r\n\t\r\n<\/div>\n<div id=\"frm_field_70_container\" class=\"frm_form_field form-field  frm_none_container\">\r\n\t<label for=\"g-recaptcha-response\" id=\"field_y2n0z4_label\" class=\"frm_primary_label\">Captcha\r\n\t\t<span class=\"frm_required\" aria-hidden=\"true\"><\/span>\r\n\t<\/label>\r\n\t<div  id=\"field_y2n0z4\" class=\"frm-g-recaptcha\" data-sitekey=\"6LeSm3wqAAAAAHwXY-MlWzbvuflgACoDhiZbJKa8\" data-size=\"invisible\" data-theme=\"light\"><\/div>\r\n\t\r\n\t\r\n<\/div>\n<div id=\"frm_field_71_container\" class=\"frm_form_field form-field \">\r\n\t<div class=\"frm_submit frm_flex\">\r\n<button class=\"frm_button_submit frm_final_submit\" type=\"submit\"   formnovalidate=\"formnovalidate\">Schicken<\/button>\r\n\r\n\r\n\r\n<\/div>\r\n<\/div>\n\t<input type=\"hidden\" name=\"item_key\" value=\"\" \/>\n\t\t\t<div id=\"frm_field_77_container\">\n\t\t\t<label for=\"field_xsuv4\" >\n\t\t\t\tFalls Du menschlich bist, lasse dieses Feld leer.\t\t\t<\/label>\n\t\t\t<input  id=\"field_xsuv4\" type=\"text\" class=\"frm_form_field form-field frm_verify\" name=\"item_meta[77]\" value=\"\"  \/>\n\t\t<\/div>\n\t\t<input name=\"frm_state\" type=\"hidden\" value=\"oytJD26IIkgSJMAFVWZShy6XkFvk7T9lyv5zJIR0W2VdNYNKrBY\/fi8LCNjA6sO7\" \/><\/div>\n<\/fieldset>\n<\/div>\n\n<\/form>\n<\/div>\n<\/div>\n\t\t\t\t\t\t<\/div>\n\t\t\t\t<\/div>\n\t\t\t\t\t<\/div>\n\t\t\t\t<\/div>\n\t\t\t\t<\/div>\n\t\t","protected":false},"excerpt":{"rendered":"<p>Um unsere Brosch\u00fcre herunterzuladen, f\u00fcllen Sie das untenstehende Formular aus. Mit einem Sternchen (*) gekennzeichnete Felder sind Pflichtfelder. Sie erhalten die Brosch\u00fcre an die von Ihnen angegebene E-Mail-Adresse.<\/p>\n","protected":false},"author":1,"featured_media":0,"parent":0,"menu_order":0,"comment_status":"closed","ping_status":"closed","template":"","meta":{"footnotes":""},"class_list":["post-9283","page","type-page","status-publish","hentry"],"yoast_head":"<!-- This site is optimized with the Yoast SEO plugin v27.3 - https:\/\/yoast.com\/product\/yoast-seo-wordpress\/ -->\n<title>Brosch\u00fcre herunterladen | Metallab<\/title>\n<meta name=\"robots\" content=\"index, follow, max-snippet:-1, max-image-preview:large, max-video-preview:-1\" \/>\n<link rel=\"canonical\" href=\"https:\/\/metallab.eu\/de\/broschuere-herunterladen\/\" \/>\n<meta property=\"og:locale\" content=\"de_DE\" \/>\n<meta property=\"og:type\" content=\"article\" \/>\n<meta property=\"og:title\" content=\"Brosch\u00fcre herunterladen | Metallab\" \/>\n<meta property=\"og:description\" content=\"Um unsere Brosch\u00fcre herunterzuladen, f\u00fcllen Sie das untenstehende Formular aus. Mit einem Sternchen (*) gekennzeichnete Felder sind Pflichtfelder. Sie erhalten die Brosch\u00fcre an die von Ihnen angegebene E-Mail-Adresse.\" \/>\n<meta property=\"og:url\" content=\"https:\/\/metallab.eu\/de\/broschuere-herunterladen\/\" \/>\n<meta property=\"og:site_name\" content=\"Metallab\" \/>\n<meta property=\"article:modified_time\" content=\"2024-11-21T14:12:35+00:00\" \/>\n<meta property=\"og:image\" content=\"https:\/\/metallab.eu\/wp-content\/uploads\/2024\/01\/logo-metallab.png\" \/>\n\t<meta property=\"og:image:width\" content=\"1744\" \/>\n\t<meta property=\"og:image:height\" content=\"420\" \/>\n\t<meta property=\"og:image:type\" content=\"image\/png\" \/>\n<meta name=\"twitter:card\" content=\"summary_large_image\" \/>\n<meta name=\"twitter:label1\" content=\"Gesch\u00e4tzte Lesezeit\" \/>\n\t<meta name=\"twitter:data1\" content=\"1\u00a0Minute\" \/>\n<script type=\"application\/ld+json\" class=\"yoast-schema-graph\">{\"@context\":\"https:\\\/\\\/schema.org\",\"@graph\":[{\"@type\":\"WebPage\",\"@id\":\"https:\\\/\\\/metallab.eu\\\/de\\\/broschuere-herunterladen\\\/\",\"url\":\"https:\\\/\\\/metallab.eu\\\/de\\\/broschuere-herunterladen\\\/\",\"name\":\"Brosch\u00fcre herunterladen | Metallab\",\"isPartOf\":{\"@id\":\"https:\\\/\\\/metallab.eu\\\/de\\\/#website\"},\"datePublished\":\"2024-10-09T07:42:28+00:00\",\"dateModified\":\"2024-11-21T14:12:35+00:00\",\"breadcrumb\":{\"@id\":\"https:\\\/\\\/metallab.eu\\\/de\\\/broschuere-herunterladen\\\/#breadcrumb\"},\"inLanguage\":\"de\",\"potentialAction\":[{\"@type\":\"ReadAction\",\"target\":[\"https:\\\/\\\/metallab.eu\\\/de\\\/broschuere-herunterladen\\\/\"]}]},{\"@type\":\"BreadcrumbList\",\"@id\":\"https:\\\/\\\/metallab.eu\\\/de\\\/broschuere-herunterladen\\\/#breadcrumb\",\"itemListElement\":[{\"@type\":\"ListItem\",\"position\":1,\"name\":\"Home\",\"item\":\"https:\\\/\\\/metallab.eu\\\/de\\\/\"},{\"@type\":\"ListItem\",\"position\":2,\"name\":\"Brosch\u00fcre herunterladen\"}]},{\"@type\":\"WebSite\",\"@id\":\"https:\\\/\\\/metallab.eu\\\/de\\\/#website\",\"url\":\"https:\\\/\\\/metallab.eu\\\/de\\\/\",\"name\":\"Metal Lab\",\"description\":\"\",\"publisher\":{\"@id\":\"https:\\\/\\\/metallab.eu\\\/de\\\/#organization\"},\"potentialAction\":[{\"@type\":\"SearchAction\",\"target\":{\"@type\":\"EntryPoint\",\"urlTemplate\":\"https:\\\/\\\/metallab.eu\\\/de\\\/?s={search_term_string}\"},\"query-input\":{\"@type\":\"PropertyValueSpecification\",\"valueRequired\":true,\"valueName\":\"search_term_string\"}}],\"inLanguage\":\"de\"},{\"@type\":\"Organization\",\"@id\":\"https:\\\/\\\/metallab.eu\\\/de\\\/#organization\",\"name\":\"Metal Lab\",\"url\":\"https:\\\/\\\/metallab.eu\\\/de\\\/\",\"logo\":{\"@type\":\"ImageObject\",\"inLanguage\":\"de\",\"@id\":\"https:\\\/\\\/metallab.eu\\\/de\\\/#\\\/schema\\\/logo\\\/image\\\/\",\"url\":\"https:\\\/\\\/metallab.eu\\\/wp-content\\\/uploads\\\/2024\\\/01\\\/logo-metallab.png\",\"contentUrl\":\"https:\\\/\\\/metallab.eu\\\/wp-content\\\/uploads\\\/2024\\\/01\\\/logo-metallab.png\",\"width\":1744,\"height\":420,\"caption\":\"Metal Lab\"},\"image\":{\"@id\":\"https:\\\/\\\/metallab.eu\\\/de\\\/#\\\/schema\\\/logo\\\/image\\\/\"}}]}<\/script>\n<!-- \/ Yoast SEO plugin. -->","yoast_head_json":{"title":"Brosch\u00fcre herunterladen | Metallab","robots":{"index":"index","follow":"follow","max-snippet":"max-snippet:-1","max-image-preview":"max-image-preview:large","max-video-preview":"max-video-preview:-1"},"canonical":"https:\/\/metallab.eu\/de\/broschuere-herunterladen\/","og_locale":"de_DE","og_type":"article","og_title":"Brosch\u00fcre herunterladen | Metallab","og_description":"Um unsere Brosch\u00fcre herunterzuladen, f\u00fcllen Sie das untenstehende Formular aus. Mit einem Sternchen (*) gekennzeichnete Felder sind Pflichtfelder. Sie erhalten die Brosch\u00fcre an die von Ihnen angegebene E-Mail-Adresse.","og_url":"https:\/\/metallab.eu\/de\/broschuere-herunterladen\/","og_site_name":"Metallab","article_modified_time":"2024-11-21T14:12:35+00:00","og_image":[{"width":1744,"height":420,"url":"https:\/\/metallab.eu\/wp-content\/uploads\/2024\/01\/logo-metallab.png","type":"image\/png"}],"twitter_card":"summary_large_image","twitter_misc":{"Gesch\u00e4tzte Lesezeit":"1\u00a0Minute"},"schema":{"@context":"https:\/\/schema.org","@graph":[{"@type":"WebPage","@id":"https:\/\/metallab.eu\/de\/broschuere-herunterladen\/","url":"https:\/\/metallab.eu\/de\/broschuere-herunterladen\/","name":"Brosch\u00fcre herunterladen | Metallab","isPartOf":{"@id":"https:\/\/metallab.eu\/de\/#website"},"datePublished":"2024-10-09T07:42:28+00:00","dateModified":"2024-11-21T14:12:35+00:00","breadcrumb":{"@id":"https:\/\/metallab.eu\/de\/broschuere-herunterladen\/#breadcrumb"},"inLanguage":"de","potentialAction":[{"@type":"ReadAction","target":["https:\/\/metallab.eu\/de\/broschuere-herunterladen\/"]}]},{"@type":"BreadcrumbList","@id":"https:\/\/metallab.eu\/de\/broschuere-herunterladen\/#breadcrumb","itemListElement":[{"@type":"ListItem","position":1,"name":"Home","item":"https:\/\/metallab.eu\/de\/"},{"@type":"ListItem","position":2,"name":"Brosch\u00fcre herunterladen"}]},{"@type":"WebSite","@id":"https:\/\/metallab.eu\/de\/#website","url":"https:\/\/metallab.eu\/de\/","name":"Metal Lab","description":"","publisher":{"@id":"https:\/\/metallab.eu\/de\/#organization"},"potentialAction":[{"@type":"SearchAction","target":{"@type":"EntryPoint","urlTemplate":"https:\/\/metallab.eu\/de\/?s={search_term_string}"},"query-input":{"@type":"PropertyValueSpecification","valueRequired":true,"valueName":"search_term_string"}}],"inLanguage":"de"},{"@type":"Organization","@id":"https:\/\/metallab.eu\/de\/#organization","name":"Metal Lab","url":"https:\/\/metallab.eu\/de\/","logo":{"@type":"ImageObject","inLanguage":"de","@id":"https:\/\/metallab.eu\/de\/#\/schema\/logo\/image\/","url":"https:\/\/metallab.eu\/wp-content\/uploads\/2024\/01\/logo-metallab.png","contentUrl":"https:\/\/metallab.eu\/wp-content\/uploads\/2024\/01\/logo-metallab.png","width":1744,"height":420,"caption":"Metal Lab"},"image":{"@id":"https:\/\/metallab.eu\/de\/#\/schema\/logo\/image\/"}}]}},"_links":{"self":[{"href":"https:\/\/metallab.eu\/de\/wp-json\/wp\/v2\/pages\/9283","targetHints":{"allow":["GET"]}}],"collection":[{"href":"https:\/\/metallab.eu\/de\/wp-json\/wp\/v2\/pages"}],"about":[{"href":"https:\/\/metallab.eu\/de\/wp-json\/wp\/v2\/types\/page"}],"author":[{"embeddable":true,"href":"https:\/\/metallab.eu\/de\/wp-json\/wp\/v2\/users\/1"}],"replies":[{"embeddable":true,"href":"https:\/\/metallab.eu\/de\/wp-json\/wp\/v2\/comments?post=9283"}],"version-history":[{"count":7,"href":"https:\/\/metallab.eu\/de\/wp-json\/wp\/v2\/pages\/9283\/revisions"}],"predecessor-version":[{"id":9710,"href":"https:\/\/metallab.eu\/de\/wp-json\/wp\/v2\/pages\/9283\/revisions\/9710"}],"wp:attachment":[{"href":"https:\/\/metallab.eu\/de\/wp-json\/wp\/v2\/media?parent=9283"}],"curies":[{"name":"wp","href":"https:\/\/api.w.org\/{rel}","templated":true}]}}