{"id":9267,"date":"2024-09-30T17:40:06","date_gmt":"2024-09-30T15:40:06","guid":{"rendered":"https:\/\/metallab.eu\/piegatura\/"},"modified":"2024-11-21T09:50:20","modified_gmt":"2024-11-21T08:50:20","slug":"biegen","status":"publish","type":"page","link":"https:\/\/metallab.eu\/de\/biegen\/","title":{"rendered":"Biegen"},"content":{"rendered":"\t\t<div data-elementor-type=\"wp-page\" data-elementor-id=\"9267\" class=\"elementor elementor-9267 elementor-8417\">\n\t\t\t\t\t\t<section class=\"elementor-section elementor-top-section elementor-element elementor-element-52e4b21 elementor-section-boxed elementor-section-height-default elementor-section-height-default\" data-id=\"52e4b21\" data-element_type=\"section\" data-e-type=\"section\" data-settings=\"{&quot;background_background&quot;:&quot;classic&quot;}\">\n\t\t\t\t\t\t<div class=\"elementor-container elementor-column-gap-default\">\n\t\t\t\t\t<div class=\"elementor-column elementor-col-50 elementor-top-column elementor-element elementor-element-2591f9e\" data-id=\"2591f9e\" data-element_type=\"column\" data-e-type=\"column\">\n\t\t\t<div class=\"elementor-widget-wrap elementor-element-populated\">\n\t\t\t\t\t\t<div class=\"elementor-element elementor-element-e89b68c elementor-widget elementor-widget-vektor_section_title\" data-id=\"e89b68c\" data-element_type=\"widget\" data-e-type=\"widget\" data-widget_type=\"vektor_section_title.default\">\n\t\t\t\t<div class=\"elementor-widget-container\">\n\t\t\t\t\t\r\n        <div class=\"container\">\r\n            <div class=\"row\">\r\n                <div class=\"vektor-section-title-wrapper\">\r\n                    <div class=\"vektor-section-title-content\">\r\n\r\n                                                    \r\n                                <span class=\"section-small-title  section-subtitle-padding-left\">\r\n\r\n                                                                            <div class=\"section-stitle-line\"><\/div>\r\n                                    \r\n                                    \r\n                                    <div class=\"stitle-box\">biegen<\/div>\r\n                                <\/span>\r\n                                                    \r\n                                                    <h2 class=\"vektor-section-title\">\r\n                                Biegepressen                            <\/h2>\r\n                        \r\n                                                                                    <div class=\"section-description\">\r\n                                    Die Biegevorg\u00e4nge werden mit Maschinen der neuesten\u00a0Generation durchgef\u00fchrt, die es erm\u00f6glichen, dank ihrer Laserwinkelkontrolle einfache bis komplexere Teile herzustellen.<br \/>Unsere hydraulischen Abkantpressen k\u00f6nnen dank der hohen Professionalit\u00e4t unserer\u00a0Mitarbeiter und der Ausstattung mit mehreren Achsen dem Blech jede\u00a0Form verleihen.                                <\/div>\r\n                                                                        <\/div>\r\n                <\/div>\r\n            <\/div>\r\n        <\/div>\r\n\t\t\t\t<\/div>\n\t\t\t\t<\/div>\n\t\t\t\t\t<\/div>\n\t\t<\/div>\n\t\t\t\t<div class=\"elementor-column elementor-col-50 elementor-top-column elementor-element elementor-element-f11e231\" data-id=\"f11e231\" data-element_type=\"column\" data-e-type=\"column\">\n\t\t\t<div class=\"elementor-widget-wrap elementor-element-populated\">\n\t\t\t\t\t\t<div class=\"elementor-element elementor-element-b717fc6 elementor-widget elementor-widget-html\" data-id=\"b717fc6\" data-element_type=\"widget\" data-e-type=\"widget\" data-widget_type=\"html.default\">\n\t\t\t\t<div class=\"elementor-widget-container\">\n\t\t\t\t\t<style>.breadcroumb-area{\nbackground-image: url(\"\/wp-content\/uploads\/2024\/11\/piegatura.png\");\nbackground-size:cover;\n}<\/style>\t\t\t\t<\/div>\n\t\t\t\t<\/div>\n\t\t\t\t<div class=\"elementor-element elementor-element-8c96158 elementor-widget elementor-widget-vektor_about_image\" data-id=\"8c96158\" data-element_type=\"widget\" data-e-type=\"widget\" data-widget_type=\"vektor_about_image.default\">\n\t\t\t\t<div class=\"elementor-widget-container\">\n\t\t\t\t\t\r\n        <script>\r\n\t\t\tjQuery(document).ready(function($) {\r\n\t\t\t\t \"use strict\";\r\n\t\t\t\t$(\".timer\").countTo();\r\n\t\t\t\t$(\".count-process\").appear(function() {\r\n\t\t\t\t    $(\".timer\").countTo();\r\n\t\t\t\t}, {\r\n\t\t\t\t    accY: -200\r\n\t\t\t\t});\r\n\t\t\t});\r\n\t\t<\/script>\r\n                <div class=\"about-image-wrapper\">\r\n            <div class=\"container\">\r\n                <div class=\"about-image-item\">\r\n                    <div class=\"about-img-box abbox1\"><\/div>\r\n                    <div class=\"about-img-box abbox2\"><\/div>\r\n\r\n                    \r\n                    \r\n                    \r\n                    <img fetchpriority=\"high\" decoding=\"async\" width=\"2560\" height=\"1440\" src=\"https:\/\/metallab.eu\/wp-content\/uploads\/2024\/09\/Untitled_1.37.1-scaled.jpg\" class=\"attachment-full size-full\" alt=\"\" srcset=\"https:\/\/metallab.eu\/wp-content\/uploads\/2024\/09\/Untitled_1.37.1-scaled.jpg 2560w, https:\/\/metallab.eu\/wp-content\/uploads\/2024\/09\/Untitled_1.37.1-300x169.jpg 300w, https:\/\/metallab.eu\/wp-content\/uploads\/2024\/09\/Untitled_1.37.1-1024x576.jpg 1024w, https:\/\/metallab.eu\/wp-content\/uploads\/2024\/09\/Untitled_1.37.1-768x432.jpg 768w, https:\/\/metallab.eu\/wp-content\/uploads\/2024\/09\/Untitled_1.37.1-1536x864.jpg 1536w, https:\/\/metallab.eu\/wp-content\/uploads\/2024\/09\/Untitled_1.37.1-2048x1152.jpg 2048w\" sizes=\"(max-width: 2560px) 100vw, 2560px\" \/>\r\n                    \r\n                                                                \r\n                    \r\n                <\/div>\r\n            <\/div>\r\n        <\/div>\r\n\t\t\t\t<\/div>\n\t\t\t\t<\/div>\n\t\t\t\t\t<\/div>\n\t\t<\/div>\n\t\t\t\t\t<\/div>\n\t\t<\/section>\n\t\t\t\t<\/div>\n\t\t","protected":false},"excerpt":{"rendered":"<p>biegen Biegepressen Die Biegevorg\u00e4nge werden mit Maschinen der neuesten\u00a0Generation durchgef\u00fchrt, die es erm\u00f6glichen, dank ihrer Laserwinkelkontrolle einfache bis komplexere Teile herzustellen.Unsere hydraulischen Abkantpressen k\u00f6nnen dank der hohen Professionalit\u00e4t unserer\u00a0Mitarbeiter und der Ausstattung mit mehreren Achsen dem Blech jede\u00a0Form verleihen.<\/p>\n","protected":false},"author":1,"featured_media":0,"parent":0,"menu_order":0,"comment_status":"closed","ping_status":"closed","template":"","meta":{"footnotes":""},"class_list":["post-9267","page","type-page","status-publish","hentry"],"yoast_head":"<!-- This site is optimized with the Yoast SEO plugin v27.3 - https:\/\/yoast.com\/product\/yoast-seo-wordpress\/ -->\n<title>Metallbiegen | Metallab<\/title>\n<meta name=\"description\" content=\"Die Biegevorg\u00e4nge werden mit Maschinen der neuesten Generation durchgef\u00fchrt, die dank ihrer Laser-Winkelsteuerung die Herstellung einfacher bis komplexerer Teile erm\u00f6glichen.\" \/>\n<meta name=\"robots\" content=\"index, follow, max-snippet:-1, max-image-preview:large, max-video-preview:-1\" \/>\n<link rel=\"canonical\" href=\"https:\/\/metallab.eu\/de\/biegen\/\" \/>\n<meta property=\"og:locale\" content=\"de_DE\" \/>\n<meta property=\"og:type\" content=\"article\" \/>\n<meta property=\"og:title\" content=\"Metallbiegen | Metallab\" \/>\n<meta property=\"og:description\" content=\"Die Biegevorg\u00e4nge werden mit Maschinen der neuesten Generation durchgef\u00fchrt, die dank ihrer Laser-Winkelsteuerung die Herstellung einfacher bis komplexerer Teile erm\u00f6glichen.\" \/>\n<meta property=\"og:url\" content=\"https:\/\/metallab.eu\/de\/biegen\/\" \/>\n<meta property=\"og:site_name\" content=\"Metallab\" \/>\n<meta property=\"article:modified_time\" content=\"2024-11-21T08:50:20+00:00\" \/>\n<meta property=\"og:image\" content=\"https:\/\/metallab.eu\/wp-content\/uploads\/2024\/09\/Untitled_1.37.1-scaled.jpg\" \/>\n<meta name=\"twitter:card\" content=\"summary_large_image\" \/>\n<meta name=\"twitter:label1\" content=\"Gesch\u00e4tzte Lesezeit\" \/>\n\t<meta name=\"twitter:data1\" content=\"1\u00a0Minute\" \/>\n<script type=\"application\/ld+json\" class=\"yoast-schema-graph\">{\"@context\":\"https:\\\/\\\/schema.org\",\"@graph\":[{\"@type\":\"WebPage\",\"@id\":\"https:\\\/\\\/metallab.eu\\\/de\\\/biegen\\\/\",\"url\":\"https:\\\/\\\/metallab.eu\\\/de\\\/biegen\\\/\",\"name\":\"Metallbiegen | Metallab\",\"isPartOf\":{\"@id\":\"https:\\\/\\\/metallab.eu\\\/de\\\/#website\"},\"primaryImageOfPage\":{\"@id\":\"https:\\\/\\\/metallab.eu\\\/de\\\/biegen\\\/#primaryimage\"},\"image\":{\"@id\":\"https:\\\/\\\/metallab.eu\\\/de\\\/biegen\\\/#primaryimage\"},\"thumbnailUrl\":\"https:\\\/\\\/metallab.eu\\\/wp-content\\\/uploads\\\/2024\\\/09\\\/Untitled_1.37.1-scaled.jpg\",\"datePublished\":\"2024-09-30T15:40:06+00:00\",\"dateModified\":\"2024-11-21T08:50:20+00:00\",\"description\":\"Die Biegevorg\u00e4nge werden mit Maschinen der neuesten Generation durchgef\u00fchrt, die dank ihrer Laser-Winkelsteuerung die Herstellung einfacher bis komplexerer Teile erm\u00f6glichen.\",\"breadcrumb\":{\"@id\":\"https:\\\/\\\/metallab.eu\\\/de\\\/biegen\\\/#breadcrumb\"},\"inLanguage\":\"de\",\"potentialAction\":[{\"@type\":\"ReadAction\",\"target\":[\"https:\\\/\\\/metallab.eu\\\/de\\\/biegen\\\/\"]}]},{\"@type\":\"ImageObject\",\"inLanguage\":\"de\",\"@id\":\"https:\\\/\\\/metallab.eu\\\/de\\\/biegen\\\/#primaryimage\",\"url\":\"https:\\\/\\\/metallab.eu\\\/wp-content\\\/uploads\\\/2024\\\/09\\\/Untitled_1.37.1-scaled.jpg\",\"contentUrl\":\"https:\\\/\\\/metallab.eu\\\/wp-content\\\/uploads\\\/2024\\\/09\\\/Untitled_1.37.1-scaled.jpg\"},{\"@type\":\"BreadcrumbList\",\"@id\":\"https:\\\/\\\/metallab.eu\\\/de\\\/biegen\\\/#breadcrumb\",\"itemListElement\":[{\"@type\":\"ListItem\",\"position\":1,\"name\":\"Home\",\"item\":\"https:\\\/\\\/metallab.eu\\\/de\\\/\"},{\"@type\":\"ListItem\",\"position\":2,\"name\":\"Biegen\"}]},{\"@type\":\"WebSite\",\"@id\":\"https:\\\/\\\/metallab.eu\\\/de\\\/#website\",\"url\":\"https:\\\/\\\/metallab.eu\\\/de\\\/\",\"name\":\"Metal Lab\",\"description\":\"\",\"publisher\":{\"@id\":\"https:\\\/\\\/metallab.eu\\\/de\\\/#organization\"},\"potentialAction\":[{\"@type\":\"SearchAction\",\"target\":{\"@type\":\"EntryPoint\",\"urlTemplate\":\"https:\\\/\\\/metallab.eu\\\/de\\\/?s={search_term_string}\"},\"query-input\":{\"@type\":\"PropertyValueSpecification\",\"valueRequired\":true,\"valueName\":\"search_term_string\"}}],\"inLanguage\":\"de\"},{\"@type\":\"Organization\",\"@id\":\"https:\\\/\\\/metallab.eu\\\/de\\\/#organization\",\"name\":\"Metal Lab\",\"url\":\"https:\\\/\\\/metallab.eu\\\/de\\\/\",\"logo\":{\"@type\":\"ImageObject\",\"inLanguage\":\"de\",\"@id\":\"https:\\\/\\\/metallab.eu\\\/de\\\/#\\\/schema\\\/logo\\\/image\\\/\",\"url\":\"https:\\\/\\\/metallab.eu\\\/wp-content\\\/uploads\\\/2024\\\/01\\\/logo-metallab.png\",\"contentUrl\":\"https:\\\/\\\/metallab.eu\\\/wp-content\\\/uploads\\\/2024\\\/01\\\/logo-metallab.png\",\"width\":1744,\"height\":420,\"caption\":\"Metal Lab\"},\"image\":{\"@id\":\"https:\\\/\\\/metallab.eu\\\/de\\\/#\\\/schema\\\/logo\\\/image\\\/\"}}]}<\/script>\n<!-- \/ Yoast SEO plugin. -->","yoast_head_json":{"title":"Metallbiegen | Metallab","description":"Die Biegevorg\u00e4nge werden mit Maschinen der neuesten Generation durchgef\u00fchrt, die dank ihrer Laser-Winkelsteuerung die Herstellung einfacher bis komplexerer Teile erm\u00f6glichen.","robots":{"index":"index","follow":"follow","max-snippet":"max-snippet:-1","max-image-preview":"max-image-preview:large","max-video-preview":"max-video-preview:-1"},"canonical":"https:\/\/metallab.eu\/de\/biegen\/","og_locale":"de_DE","og_type":"article","og_title":"Metallbiegen | Metallab","og_description":"Die Biegevorg\u00e4nge werden mit Maschinen der neuesten Generation durchgef\u00fchrt, die dank ihrer Laser-Winkelsteuerung die Herstellung einfacher bis komplexerer Teile erm\u00f6glichen.","og_url":"https:\/\/metallab.eu\/de\/biegen\/","og_site_name":"Metallab","article_modified_time":"2024-11-21T08:50:20+00:00","og_image":[{"url":"https:\/\/metallab.eu\/wp-content\/uploads\/2024\/09\/Untitled_1.37.1-scaled.jpg","type":"","width":"","height":""}],"twitter_card":"summary_large_image","twitter_misc":{"Gesch\u00e4tzte Lesezeit":"1\u00a0Minute"},"schema":{"@context":"https:\/\/schema.org","@graph":[{"@type":"WebPage","@id":"https:\/\/metallab.eu\/de\/biegen\/","url":"https:\/\/metallab.eu\/de\/biegen\/","name":"Metallbiegen | Metallab","isPartOf":{"@id":"https:\/\/metallab.eu\/de\/#website"},"primaryImageOfPage":{"@id":"https:\/\/metallab.eu\/de\/biegen\/#primaryimage"},"image":{"@id":"https:\/\/metallab.eu\/de\/biegen\/#primaryimage"},"thumbnailUrl":"https:\/\/metallab.eu\/wp-content\/uploads\/2024\/09\/Untitled_1.37.1-scaled.jpg","datePublished":"2024-09-30T15:40:06+00:00","dateModified":"2024-11-21T08:50:20+00:00","description":"Die Biegevorg\u00e4nge werden mit Maschinen der neuesten Generation durchgef\u00fchrt, die dank ihrer Laser-Winkelsteuerung die Herstellung einfacher bis komplexerer Teile erm\u00f6glichen.","breadcrumb":{"@id":"https:\/\/metallab.eu\/de\/biegen\/#breadcrumb"},"inLanguage":"de","potentialAction":[{"@type":"ReadAction","target":["https:\/\/metallab.eu\/de\/biegen\/"]}]},{"@type":"ImageObject","inLanguage":"de","@id":"https:\/\/metallab.eu\/de\/biegen\/#primaryimage","url":"https:\/\/metallab.eu\/wp-content\/uploads\/2024\/09\/Untitled_1.37.1-scaled.jpg","contentUrl":"https:\/\/metallab.eu\/wp-content\/uploads\/2024\/09\/Untitled_1.37.1-scaled.jpg"},{"@type":"BreadcrumbList","@id":"https:\/\/metallab.eu\/de\/biegen\/#breadcrumb","itemListElement":[{"@type":"ListItem","position":1,"name":"Home","item":"https:\/\/metallab.eu\/de\/"},{"@type":"ListItem","position":2,"name":"Biegen"}]},{"@type":"WebSite","@id":"https:\/\/metallab.eu\/de\/#website","url":"https:\/\/metallab.eu\/de\/","name":"Metal Lab","description":"","publisher":{"@id":"https:\/\/metallab.eu\/de\/#organization"},"potentialAction":[{"@type":"SearchAction","target":{"@type":"EntryPoint","urlTemplate":"https:\/\/metallab.eu\/de\/?s={search_term_string}"},"query-input":{"@type":"PropertyValueSpecification","valueRequired":true,"valueName":"search_term_string"}}],"inLanguage":"de"},{"@type":"Organization","@id":"https:\/\/metallab.eu\/de\/#organization","name":"Metal Lab","url":"https:\/\/metallab.eu\/de\/","logo":{"@type":"ImageObject","inLanguage":"de","@id":"https:\/\/metallab.eu\/de\/#\/schema\/logo\/image\/","url":"https:\/\/metallab.eu\/wp-content\/uploads\/2024\/01\/logo-metallab.png","contentUrl":"https:\/\/metallab.eu\/wp-content\/uploads\/2024\/01\/logo-metallab.png","width":1744,"height":420,"caption":"Metal Lab"},"image":{"@id":"https:\/\/metallab.eu\/de\/#\/schema\/logo\/image\/"}}]}},"_links":{"self":[{"href":"https:\/\/metallab.eu\/de\/wp-json\/wp\/v2\/pages\/9267","targetHints":{"allow":["GET"]}}],"collection":[{"href":"https:\/\/metallab.eu\/de\/wp-json\/wp\/v2\/pages"}],"about":[{"href":"https:\/\/metallab.eu\/de\/wp-json\/wp\/v2\/types\/page"}],"author":[{"embeddable":true,"href":"https:\/\/metallab.eu\/de\/wp-json\/wp\/v2\/users\/1"}],"replies":[{"embeddable":true,"href":"https:\/\/metallab.eu\/de\/wp-json\/wp\/v2\/comments?post=9267"}],"version-history":[{"count":4,"href":"https:\/\/metallab.eu\/de\/wp-json\/wp\/v2\/pages\/9267\/revisions"}],"predecessor-version":[{"id":9520,"href":"https:\/\/metallab.eu\/de\/wp-json\/wp\/v2\/pages\/9267\/revisions\/9520"}],"wp:attachment":[{"href":"https:\/\/metallab.eu\/de\/wp-json\/wp\/v2\/media?parent=9267"}],"curies":[{"name":"wp","href":"https:\/\/api.w.org\/{rel}","templated":true}]}}